{"id":184,"date":"2021-04-16T12:11:41","date_gmt":"2021-04-16T12:11:41","guid":{"rendered":"https:\/\/aldexsoftware.de\/aldexsoftware\/wordpress\/?page_id=184"},"modified":"2022-04-22T07:50:24","modified_gmt":"2022-04-22T07:50:24","slug":"urlaubs-manager","status":"publish","type":"page","link":"https:\/\/aldexsoftware.de\/aldexsoftware\/urlaubs-manager\/","title":{"rendered":"Urlaubs-Planer"},"content":{"rendered":"<!--themify_builder_content-->\n<div id=\"themify_builder_content-184\" data-postid=\"184\" class=\"themify_builder_content themify_builder_content-184 themify_builder tf_clear\">\n                    <div  data-lazy=\"1\" class=\"module_row themify_builder_row tb_wnpn548 tb_first tf_w\">\n                        <div class=\"row_inner col_align_top tb_col_count_2 tf_box tf_rel\">\n                        <div  data-lazy=\"1\" class=\"module_column tb-column col4-2 tb_awpd548 first\">\n                    <!-- module image -->\n<div  class=\"module module-image tb_a37i252 image-top   tf_mw\" data-lazy=\"1\">\n        <div class=\"image-wrap tf_rel tf_mw\">\n            <img loading=\"lazy\" decoding=\"async\" width=\"2048\" height=\"860\" src=\"https:\/\/aldexsoftware.de\/aldexsoftware\/wp-content\/uploads\/2021\/04\/calendar-1-e1618572592205.jpg\" class=\"wp-post-image wp-image-166\" title=\"calendar\" alt=\"calendar\" srcset=\"https:\/\/aldexsoftware.de\/aldexsoftware\/wp-content\/uploads\/2021\/04\/calendar-1-e1618572592205.jpg 2048w, https:\/\/aldexsoftware.de\/aldexsoftware\/wp-content\/uploads\/2021\/04\/calendar-1-e1618572592205-300x126.jpg 300w, https:\/\/aldexsoftware.de\/aldexsoftware\/wp-content\/uploads\/2021\/04\/calendar-1-e1618572592205-1024x430.jpg 1024w, https:\/\/aldexsoftware.de\/aldexsoftware\/wp-content\/uploads\/2021\/04\/calendar-1-e1618572592205-768x323.jpg 768w, https:\/\/aldexsoftware.de\/aldexsoftware\/wp-content\/uploads\/2021\/04\/calendar-1-e1618572592205-1536x645.jpg 1536w\" sizes=\"auto, (max-width: 2048px) 100vw, 2048px\" \/>    \n        <\/div>\n    <!-- \/image-wrap -->\n    \n        <\/div>\n<!-- \/module image -->        <\/div>\n                    <div  data-lazy=\"1\" class=\"module_column tb-column col4-2 tb_j44349 last\">\n                    <!-- module text -->\n<div  class=\"module module-text tb_3mkl84  repeat \" data-lazy=\"1\">\n    <h3 class=\"module-title\">Urlaubs - Abwesenheiten - Manager<\/h3>    <div  class=\"tb_text_wrap\">\n        <p>Abwesenheiten immer im \u00dcberblick.<br>Egal, ob Mitarbeiter im Urlaub, auf Lehrgang oder krank sind, Sie haben immer den genauen \u00dcberblick.<\/p>\n<p>\u00a0<\/p>\n<p>Mit dem ALDEX &#8220;Urlaubs &#8211; Manager&#8221; haben Sie alles im Griff.<br><span style=\"background-color: initial; color: var(--bs-secondary-dark); font-family: var(--bs-font-sans-serif); font-style: inherit; text-transform: inherit;\"><br><\/span><\/p>\n<p><span style=\"background-color: initial; color: var(--bs-secondary-dark); font-family: var(--bs-font-sans-serif); font-style: inherit; text-transform: inherit;\">&#8211; Planer f\u00fcr Urlaubstage<br><\/span><span style=\"background-color: initial; color: var(--bs-secondary-dark); font-family: var(--bs-font-sans-serif); font-style: inherit; text-transform: inherit;\">&#8211; Planer f\u00fcr Samstagsdienste<br><\/span><span style=\"background-color: initial; color: var(--bs-secondary-dark); font-family: var(--bs-font-sans-serif); font-style: inherit; text-transform: inherit;\">&#8211; Wiederkehrende Termine (z.B. Berufsschule)<br><\/span><span style=\"background-color: initial; color: var(--bs-secondary-dark); font-family: var(--bs-font-sans-serif); font-style: inherit; text-transform: inherit;\">&#8211; Planer f\u00fcr Schulungstermine<br><\/span><span style=\"background-color: initial; color: var(--bs-secondary-dark); font-family: var(--bs-font-sans-serif); font-style: inherit; text-transform: inherit;\">&#8211; Planer von wichtigen Terminen speziell f\u00fcr Ihr Unternehmen (Veranstaltungen uvm.)<br><\/span><span style=\"background-color: initial; color: var(--bs-secondary-dark); font-family: var(--bs-font-sans-serif); font-style: inherit; text-transform: inherit;\">&#8211; Jahreskontingente Urlaub, Sonderurlaub, Resturlaub<\/span><\/p>\n<p>&#8211; uvm.<\/p>    <\/div>\n<\/div>\n<!-- \/module text -->        <\/div>\n                        <\/div>\n        <\/div>\n                        <div  data-lazy=\"1\" class=\"module_row themify_builder_row tb_fgzn196 tf_w\">\n                        <div class=\"row_inner col_align_top tb_col_count_1 tf_box tf_rel\">\n                        <div  data-lazy=\"1\" class=\"module_column tb-column col-full tb_24m2197 first\">\n                    <!-- module gallery -->\n<div  class=\"module gallery module-gallery tb_1lkq87 layout-grid  \" data-lazy=\"1\">\n    <div class=\"module-gallery-grid\" style=\"--gald:4;--galt:4;--galm:4\">\n            <dl class=\"gallery-item\">\n            <dt class=\"gallery-icon\">\n            <a data-title=\"no\" title=\"Samstags-Dienst\" href=\"https:\/\/aldexsoftware.de\/aldexsoftware\/wp-content\/uploads\/2021\/04\/um_1.png\" data-rel=\"tb_1lkq87\" class=\"themify_lightbox\"><img loading=\"lazy\" decoding=\"async\" src=\"https:\/\/aldexsoftware.de\/aldexsoftware\/wp-content\/uploads\/2021\/04\/um_1-1024x271-300x200.png\" width=\"300\" height=\"200\" class=\"wp-post-image wp-image-565\" title=\"um_1\" alt=\"um_1\"><\/a>            <\/dt>\n             \n                <dd class=\"wp-caption-text gallery-caption\">\n                                                                <span class=\"themify_image_caption\">Samstags-Dienst<\/span>\n                                    <\/dd>\n                    <\/dl>\n            <dl class=\"gallery-item\">\n            <dt class=\"gallery-icon\">\n            <a data-title=\"no\" title=\"Genehmigungen\" href=\"https:\/\/aldexsoftware.de\/aldexsoftware\/wp-content\/uploads\/2021\/04\/um_2.png\" data-rel=\"tb_1lkq87\" class=\"themify_lightbox\"><img loading=\"lazy\" decoding=\"async\" src=\"https:\/\/aldexsoftware.de\/aldexsoftware\/wp-content\/uploads\/2021\/04\/um_2-1024x391-300x200.png\" width=\"300\" height=\"200\" class=\"wp-post-image wp-image-566\" title=\"um_2\" alt=\"um_2\"><\/a>            <\/dt>\n             \n                <dd class=\"wp-caption-text gallery-caption\">\n                                                                <span class=\"themify_image_caption\">Genehmigungen<\/span>\n                                    <\/dd>\n                    <\/dl>\n            <dl class=\"gallery-item\">\n            <dt class=\"gallery-icon\">\n            <a data-title=\"no\" title=\"Kalenderansicht\" href=\"https:\/\/aldexsoftware.de\/aldexsoftware\/wp-content\/uploads\/2021\/04\/um_3.png\" data-rel=\"tb_1lkq87\" class=\"themify_lightbox\"><img loading=\"lazy\" decoding=\"async\" src=\"https:\/\/aldexsoftware.de\/aldexsoftware\/wp-content\/uploads\/2021\/04\/um_3-1024x715-300x200.png\" width=\"300\" height=\"200\" class=\"wp-post-image wp-image-567\" title=\"um_3\" alt=\"um_3\"><\/a>            <\/dt>\n             \n                <dd class=\"wp-caption-text gallery-caption\">\n                                                                <span class=\"themify_image_caption\">Kalenderansicht<\/span>\n                                    <\/dd>\n                    <\/dl>\n            <dl class=\"gallery-item\">\n            <dt class=\"gallery-icon\">\n            <a data-title=\"no\" title=\"Kontingente\" href=\"https:\/\/aldexsoftware.de\/aldexsoftware\/wp-content\/uploads\/2021\/04\/um_4.png\" data-rel=\"tb_1lkq87\" class=\"themify_lightbox\"><img loading=\"lazy\" decoding=\"async\" src=\"https:\/\/aldexsoftware.de\/aldexsoftware\/wp-content\/uploads\/2021\/04\/um_4-1024x327-300x200.png\" width=\"300\" height=\"200\" class=\"wp-post-image wp-image-568\" title=\"um_4\" alt=\"um_4\"><\/a>            <\/dt>\n             \n                <dd class=\"wp-caption-text gallery-caption\">\n                                                                <span class=\"themify_image_caption\">Kontingente<\/span>\n                                    <\/dd>\n                    <\/dl>\n    <\/div>\n<\/div>\n<!-- \/module gallery -->        <\/div>\n                        <\/div>\n        <\/div>\n        <\/div>\n<!--\/themify_builder_content-->","protected":false},"excerpt":{"rendered":"<p>Urlaubs &#8211; Abwesenheiten &#8211; Manager Abwesenheiten immer im \u00dcberblick.Egal, ob Mitarbeiter im Urlaub, auf Lehrgang oder krank sind, Sie haben immer den genauen \u00dcberblick. \u00a0 Mit dem ALDEX &#8220;Urlaubs &#8211; Manager&#8221; haben Sie alles im Griff. &#8211; Planer f\u00fcr Urlaubstage&#8211; Planer f\u00fcr Samstagsdienste&#8211; Wiederkehrende Termine (z.B. Berufsschule)&#8211; Planer f\u00fcr Schulungstermine&#8211; Planer von wichtigen Terminen speziell [&hellip;]<\/p>\n","protected":false},"author":1,"featured_media":0,"parent":0,"menu_order":0,"comment_status":"closed","ping_status":"closed","template":"","meta":{"om_disable_all_campaigns":false,"_monsterinsights_skip_tracking":false,"_monsterinsights_sitenote_active":false,"_monsterinsights_sitenote_note":"","_monsterinsights_sitenote_category":0,"footnotes":""},"class_list":["post-184","page","type-page","status-publish","hentry"],"builder_content":"<img src=\"https:\/\/aldexsoftware.de\/aldexsoftware\/wp-content\/uploads\/2021\/04\/calendar-1-e1618572592205.jpg\" title=\"calendar\" alt=\"calendar\" srcset=\"https:\/\/aldexsoftware.de\/aldexsoftware\/wp-content\/uploads\/2021\/04\/calendar-1-e1618572592205.jpg 2048w, https:\/\/aldexsoftware.de\/aldexsoftware\/wp-content\/uploads\/2021\/04\/calendar-1-e1618572592205-300x126.jpg 300w, https:\/\/aldexsoftware.de\/aldexsoftware\/wp-content\/uploads\/2021\/04\/calendar-1-e1618572592205-1024x430.jpg 1024w, https:\/\/aldexsoftware.de\/aldexsoftware\/wp-content\/uploads\/2021\/04\/calendar-1-e1618572592205-768x323.jpg 768w, https:\/\/aldexsoftware.de\/aldexsoftware\/wp-content\/uploads\/2021\/04\/calendar-1-e1618572592205-1536x645.jpg 1536w\" sizes=\"(max-width: 2048px) 100vw, 2048px\" \/>\n<h3>Urlaubs - Abwesenheiten - Manager<\/h3> <p>Abwesenheiten immer im \u00dcberblick.<br>Egal, ob Mitarbeiter im Urlaub, auf Lehrgang oder krank sind, Sie haben immer den genauen \u00dcberblick.<\/p> <p>\u00a0<\/p> <p>Mit dem ALDEX \"Urlaubs - Manager\" haben Sie alles im Griff.<br><br><\/p> <p>- Planer f\u00fcr Urlaubstage<br>- Planer f\u00fcr Samstagsdienste<br>- Wiederkehrende Termine (z.B. Berufsschule)<br>- Planer f\u00fcr Schulungstermine<br>- Planer von wichtigen Terminen speziell f\u00fcr Ihr Unternehmen (Veranstaltungen uvm.)<br>- Jahreskontingente Urlaub, Sonderurlaub, Resturlaub<\/p> <p>- uvm.<\/p>\n[gallery ids=\"565,566,567,568\"]","_links":{"self":[{"href":"https:\/\/aldexsoftware.de\/aldexsoftware\/wp-json\/wp\/v2\/pages\/184","targetHints":{"allow":["GET"]}}],"collection":[{"href":"https:\/\/aldexsoftware.de\/aldexsoftware\/wp-json\/wp\/v2\/pages"}],"about":[{"href":"https:\/\/aldexsoftware.de\/aldexsoftware\/wp-json\/wp\/v2\/types\/page"}],"author":[{"embeddable":true,"href":"https:\/\/aldexsoftware.de\/aldexsoftware\/wp-json\/wp\/v2\/users\/1"}],"replies":[{"embeddable":true,"href":"https:\/\/aldexsoftware.de\/aldexsoftware\/wp-json\/wp\/v2\/comments?post=184"}],"version-history":[{"count":6,"href":"https:\/\/aldexsoftware.de\/aldexsoftware\/wp-json\/wp\/v2\/pages\/184\/revisions"}],"predecessor-version":[{"id":782,"href":"https:\/\/aldexsoftware.de\/aldexsoftware\/wp-json\/wp\/v2\/pages\/184\/revisions\/782"}],"wp:attachment":[{"href":"https:\/\/aldexsoftware.de\/aldexsoftware\/wp-json\/wp\/v2\/media?parent=184"}],"curies":[{"name":"wp","href":"https:\/\/api.w.org\/{rel}","templated":true}]}}