{"id":20,"date":"2021-04-15T16:19:15","date_gmt":"2021-04-15T16:19:15","guid":{"rendered":"https:\/\/aldexsoftware.de\/aldexsoftware\/wordpress\/?page_id=20"},"modified":"2023-03-17T09:19:05","modified_gmt":"2023-03-17T09:19:05","slug":"produkte","status":"publish","type":"page","link":"https:\/\/aldexsoftware.de\/aldexsoftware\/produkte\/","title":{"rendered":"Produkte"},"content":{"rendered":"<p><\/p>\n\n\n\n<p><\/p>\n\n<!--themify_builder_content-->\n<div id=\"themify_builder_content-20\" data-postid=\"20\" class=\"themify_builder_content themify_builder_content-20 themify_builder tf_clear\">\n                    <div  data-lazy=\"1\" class=\"module_row themify_builder_row tb_loxu498 tb_first tf_w\">\n                        <div class=\"row_inner col_align_top tb_col_count_1 tf_box tf_rel\">\n                        <div  data-lazy=\"1\" class=\"module_column tb-column col-full tb_mxs8499 first\">\n                    <!-- module accordion -->\n<div  class=\"module module-accordion tb_us64858 \" data-behavior=\"accordion\" data-lazy=\"1\">\n    <h3 class=\"module-title\">Software Angebot ALDEX und Sonderprogammierung<\/h3>\n    <ul class=\"ui module-accordion separate shadow light-blue\">\n            <li class=\"builder-accordion-active\">\n            <div class=\"accordion-title tf_rel\">\n                <a href=\"#acc-us64858-0\" class=\"tb_title_accordion\" aria-controls=\"acc-us64858-0-content\" aria-expanded=\"true\">\n                    <i class=\"accordion-icon tf_hide\"><svg  class=\"tf_fa tf-ti-arrow-right\" aria-hidden=\"true\"><use href=\"#tf-ti-arrow-right\"><\/use><\/svg><\/i>                    <i class=\"accordion-active-icon\"><svg  class=\"tf_fa tf-ti-arrow-left\" aria-hidden=\"true\"><use href=\"#tf-ti-arrow-left\"><\/use><\/svg><\/i>                    <span class=\"accordion-title-wrap\">Vertrags-Manager<\/span>                <\/a>\n            <\/div><!-- .accordion-title -->\n            <div id=\"acc-us64858-0-content\" data-id=\"acc-us64858-0\" aria-hidden=\"false\" class=\"accordion-content tf_clearfix\">\n                                    <div class=\"tb_text_wrap\">\n                        <p>Ziele Verk\u00e4ufer &#8211; Provisionen &#8211; Kalkulationen &#8211; Verk\u00e4ufermotivation\u00a0<\/p>\n<p><a href=\"..\/vm\/\">Hier geht es weiter&#8230;<\/a><\/p>                    <\/div>\n                            <\/div><!-- .accordion-content -->\n        <\/li>\n            <li>\n            <div class=\"accordion-title tf_rel\">\n                <a href=\"#acc-us64858-1\" class=\"tb_title_accordion\" aria-controls=\"acc-us64858-1-content\" aria-expanded=\"false\">\n                    <i class=\"accordion-icon\"><svg  class=\"tf_fa tf-ti-arrow-right\" aria-hidden=\"true\"><use href=\"#tf-ti-arrow-right\"><\/use><\/svg><\/i>                    <i class=\"accordion-active-icon tf_hide\"><svg  class=\"tf_fa tf-ti-arrow-left\" aria-hidden=\"true\"><use href=\"#tf-ti-arrow-left\"><\/use><\/svg><\/i>                    <span class=\"accordion-title-wrap\">Provisions-Manager<\/span>                <\/a>\n            <\/div><!-- .accordion-title -->\n            <div id=\"acc-us64858-1-content\" data-id=\"acc-us64858-1\" aria-hidden=\"true\" class=\"accordion-content tf_hide tf_clearfix\">\n                                    <div class=\"tb_text_wrap\">\n                        <p>Ist ein Bestandteil des &#8220;Vertrags-Manager&#8221; und wird genau auf Ihr Autohaus angepasst. Egal wie Ihr Provisionssystem aussieht!<\/p>\n<p><a href=\"..\/wordpress\/provisionssystem\/\">Hier geht es weiter&#8230;<\/a><\/p>                    <\/div>\n                            <\/div><!-- .accordion-content -->\n        <\/li>\n            <li>\n            <div class=\"accordion-title tf_rel\">\n                <a href=\"#acc-us64858-2\" class=\"tb_title_accordion\" aria-controls=\"acc-us64858-2-content\" aria-expanded=\"false\">\n                    <i class=\"accordion-icon\"><svg  class=\"tf_fa tf-ti-arrow-right\" aria-hidden=\"true\"><use href=\"#tf-ti-arrow-right\"><\/use><\/svg><\/i>                    <i class=\"accordion-active-icon tf_hide\"><svg  class=\"tf_fa tf-ti-arrow-left\" aria-hidden=\"true\"><use href=\"#tf-ti-arrow-left\"><\/use><\/svg><\/i>                    <span class=\"accordion-title-wrap\">Fahrten-Planer<\/span>                <\/a>\n            <\/div><!-- .accordion-title -->\n            <div id=\"acc-us64858-2-content\" data-id=\"acc-us64858-2\" aria-hidden=\"true\" class=\"accordion-content tf_hide tf_clearfix\">\n                                    <div class=\"tb_text_wrap\">\n                        <p>Mit diesem Programm-Tool k\u00f6nnen Sie s\u00e4mtliche Fahrzeuge aus dem aktuellen Lagerbestand auf Probefahrten schicken, Planen und Benutzervertr\u00e4ge erstellen.<\/p>\n<p><a href=\"..\/wordpress\/fahrten-planer\/\">Hier geht es weiter&#8230;<\/a><\/p>                    <\/div>\n                            <\/div><!-- .accordion-content -->\n        <\/li>\n            <li>\n            <div class=\"accordion-title tf_rel\">\n                <a href=\"#acc-us64858-3\" class=\"tb_title_accordion\" aria-controls=\"acc-us64858-3-content\" aria-expanded=\"false\">\n                    <i class=\"accordion-icon\"><svg  class=\"tf_fa tf-ti-arrow-right\" aria-hidden=\"true\"><use href=\"#tf-ti-arrow-right\"><\/use><\/svg><\/i>                    <i class=\"accordion-active-icon tf_hide\"><svg  class=\"tf_fa tf-ti-arrow-left\" aria-hidden=\"true\"><use href=\"#tf-ti-arrow-left\"><\/use><\/svg><\/i>                    <span class=\"accordion-title-wrap\">Transport-Manager (Fzg innerbetrieblich tranportieren)<\/span>                <\/a>\n            <\/div><!-- .accordion-title -->\n            <div id=\"acc-us64858-3-content\" data-id=\"acc-us64858-3\" aria-hidden=\"true\" class=\"accordion-content tf_hide tf_clearfix\">\n                                    <div class=\"tb_text_wrap\">\n                        <p>Sie k\u00f6nnen mit diesem Tool zum Beispiel Transporte von A nach B oder von B in ein frei zu definierendes Ziel planen.<\/p>\n<p>Es k\u00f6nnte eine Spedition sein, die dann die Auftr\u00e4ge entgegennimmt ODER sie organisieren die Transporte mit ihrem eigenen LKW.<\/p>\n<p><a href=\"..\/wordpress\/transport-manager\/\">Hier geht es weiter&#8230;<\/a><\/p>                    <\/div>\n                            <\/div><!-- .accordion-content -->\n        <\/li>\n            <li>\n            <div class=\"accordion-title tf_rel\">\n                <a href=\"#acc-us64858-4\" class=\"tb_title_accordion\" aria-controls=\"acc-us64858-4-content\" aria-expanded=\"false\">\n                    <i class=\"accordion-icon\"><svg  class=\"tf_fa tf-ti-arrow-right\" aria-hidden=\"true\"><use href=\"#tf-ti-arrow-right\"><\/use><\/svg><\/i>                    <i class=\"accordion-active-icon tf_hide\"><svg  class=\"tf_fa tf-ti-arrow-left\" aria-hidden=\"true\"><use href=\"#tf-ti-arrow-left\"><\/use><\/svg><\/i>                    <span class=\"accordion-title-wrap\">Sonderprogrammierung<\/span>                <\/a>\n            <\/div><!-- .accordion-title -->\n            <div id=\"acc-us64858-4-content\" data-id=\"acc-us64858-4\" aria-hidden=\"true\" class=\"accordion-content tf_hide tf_clearfix\">\n                                    <div class=\"tb_text_wrap\">\n                        <p>Mit unseren Sonderprogrammierungen k\u00f6nnen wir explizit auf spezifische Anforderungen und Sonderw\u00fcnsche von Unternehmen reagieren und Ihnen einen individuellen Mehrwert schaffen.<\/p>                    <\/div>\n                            <\/div><!-- .accordion-content -->\n        <\/li>\n            <li>\n            <div class=\"accordion-title tf_rel\">\n                <a href=\"#acc-us64858-5\" class=\"tb_title_accordion\" aria-controls=\"acc-us64858-5-content\" aria-expanded=\"false\">\n                    <i class=\"accordion-icon\"><svg  class=\"tf_fa tf-ti-arrow-right\" aria-hidden=\"true\"><use href=\"#tf-ti-arrow-right\"><\/use><\/svg><\/i>                    <i class=\"accordion-active-icon tf_hide\"><svg  class=\"tf_fa tf-ti-arrow-left\" aria-hidden=\"true\"><use href=\"#tf-ti-arrow-left\"><\/use><\/svg><\/i>                    <span class=\"accordion-title-wrap\">Urlaubs-Manager<\/span>                <\/a>\n            <\/div><!-- .accordion-title -->\n            <div id=\"acc-us64858-5-content\" data-id=\"acc-us64858-5\" aria-hidden=\"true\" class=\"accordion-content tf_hide tf_clearfix\">\n                                    <div class=\"tb_text_wrap\">\n                        <p><img loading=\"lazy\" decoding=\"async\" class=\"size-full wp-image-759 alignright\" src=\"..\/wp-content\/uploads\/2022\/04\/box_um-1.png\" alt=\"\" width=\"96\" height=\"139\">Lassen Sie Ihre Mitarbeiter online die Urlaubstage und andere Abwesenheiten planen. Jeder erh\u00e4lt sofort den \u00dcberblick \u00fcber geplante Aktionen des Autohauses oder Urlaubspl\u00e4ne anderer Kollegen.<\/p>\n<p><a href=\"..\/wordpress\/urlaubs-manager\/\">Hier geht es weiter&#8230;<\/a><\/p>                    <\/div>\n                            <\/div><!-- .accordion-content -->\n        <\/li>\n            <li>\n            <div class=\"accordion-title tf_rel\">\n                <a href=\"#acc-us64858-6\" class=\"tb_title_accordion\" aria-controls=\"acc-us64858-6-content\" aria-expanded=\"false\">\n                    <i class=\"accordion-icon\"><svg  class=\"tf_fa tf-ti-arrow-right\" aria-hidden=\"true\"><use href=\"#tf-ti-arrow-right\"><\/use><\/svg><\/i>                    <i class=\"accordion-active-icon tf_hide\"><svg  class=\"tf_fa tf-ti-arrow-left\" aria-hidden=\"true\"><use href=\"#tf-ti-arrow-left\"><\/use><\/svg><\/i>                    <span class=\"accordion-title-wrap\">Batterie-Manager<\/span>                <\/a>\n            <\/div><!-- .accordion-title -->\n            <div id=\"acc-us64858-6-content\" data-id=\"acc-us64858-6\" aria-hidden=\"true\" class=\"accordion-content tf_hide tf_clearfix\">\n                                    <div class=\"tb_text_wrap\">\n                        <p>Wie schnell passiert es, dass Gebrauchtwagen bei gew\u00fcnschten Probefahrten nicht anspringen, weil die Batterie leer ist, oder beim Neuwagen leider die Batterie sich tiefentladen hat und der Hersteller die Schuld auf Sie abw\u00e4lzt&#8230; <br>Der Batterie-Manager hilft Ihnen die Ladezeiten einzuhalten.<\/p>\n<p><a href=\"..\/wordpress\/batterie-manager\/\">Hier geht es weiter&#8230;<\/a><\/p>                    <\/div>\n                            <\/div><!-- .accordion-content -->\n        <\/li>\n            <li>\n            <div class=\"accordion-title tf_rel\">\n                <a href=\"#acc-us64858-7\" class=\"tb_title_accordion\" aria-controls=\"acc-us64858-7-content\" aria-expanded=\"false\">\n                    <i class=\"accordion-icon\"><svg  class=\"tf_fa tf-ti-arrow-right\" aria-hidden=\"true\"><use href=\"#tf-ti-arrow-right\"><\/use><\/svg><\/i>                    <i class=\"accordion-active-icon tf_hide\"><svg  class=\"tf_fa tf-ti-arrow-left\" aria-hidden=\"true\"><use href=\"#tf-ti-arrow-left\"><\/use><\/svg><\/i>                    <span class=\"accordion-title-wrap\">R\u00e4der-Manager<\/span>                <\/a>\n            <\/div><!-- .accordion-title -->\n            <div id=\"acc-us64858-7-content\" data-id=\"acc-us64858-7\" aria-hidden=\"true\" class=\"accordion-content tf_hide tf_clearfix\">\n                                    <div class=\"tb_text_wrap\">\n                        <p><img loading=\"lazy\" decoding=\"async\" class=\"size-full wp-image-757 alignright\" src=\"..\/wp-content\/uploads\/2022\/04\/box_Rm_kl2.png\" alt=\"\" width=\"86\" height=\"160\">Beispiel:\u00a0<br>bei der Inzahlungnahme eines Gebrauchtwagens wurden Winterr\u00e4der mit geliefert. Wo landen diese? <br>Haben Sie noch den \u00dcberblick, oder verschwinden vielleicht sogar einmal ganze R\u00e4ders\u00e4tze?<\/p>\n<p>&#8211; Aktives verkaufen von gebrauchten Rads\u00e4tzen zu bestimmten Modellreihen.<br>&#8211; Bestand-Management<\/p>\n<p>Mit dem &#8220;R\u00e4der-Manager&#8221; behalten Sie den \u00dcberblick.<\/p>                    <\/div>\n                            <\/div><!-- .accordion-content -->\n        <\/li>\n            <li>\n            <div class=\"accordion-title tf_rel\">\n                <a href=\"#acc-us64858-8\" class=\"tb_title_accordion\" aria-controls=\"acc-us64858-8-content\" aria-expanded=\"false\">\n                    <i class=\"accordion-icon\"><svg  class=\"tf_fa tf-ti-arrow-right\" aria-hidden=\"true\"><use href=\"#tf-ti-arrow-right\"><\/use><\/svg><\/i>                    <i class=\"accordion-active-icon tf_hide\"><svg  class=\"tf_fa tf-ti-arrow-left\" aria-hidden=\"true\"><use href=\"#tf-ti-arrow-left\"><\/use><\/svg><\/i>                    <span class=\"accordion-title-wrap\">Tank-Manager<\/span>                <\/a>\n            <\/div><!-- .accordion-title -->\n            <div id=\"acc-us64858-8-content\" data-id=\"acc-us64858-8\" aria-hidden=\"true\" class=\"accordion-content tf_hide tf_clearfix\">\n                                    <div class=\"tb_text_wrap\">\n                        <p><img loading=\"lazy\" decoding=\"async\" class=\"alignright wp-image-756\" src=\"..\/wp-content\/uploads\/2022\/04\/box_tm-135x300.png\" alt=\"\" width=\"90\" height=\"200\" srcset=\"https:\/\/aldexsoftware.de\/aldexsoftware\/wp-content\/uploads\/2022\/04\/box_tm-135x300.png 135w, https:\/\/aldexsoftware.de\/aldexsoftware\/wp-content\/uploads\/2022\/04\/box_tm.png 211w\" sizes=\"auto, (max-width: 90px) 100vw, 90px\" \/>Dieses Tool kann an den &#8220;Vertrags-Manager&#8221; angebunden werden und somit haben Sie den Kraftstoffverbrauch der Vorf\u00fchrwagen immer im Blick.\u00a0<\/p>                    <\/div>\n                            <\/div><!-- .accordion-content -->\n        <\/li>\n            <li>\n            <div class=\"accordion-title tf_rel\">\n                <a href=\"#acc-us64858-9\" class=\"tb_title_accordion\" aria-controls=\"acc-us64858-9-content\" aria-expanded=\"false\">\n                    <i class=\"accordion-icon\"><svg  class=\"tf_fa tf-ti-arrow-right\" aria-hidden=\"true\"><use href=\"#tf-ti-arrow-right\"><\/use><\/svg><\/i>                    <i class=\"accordion-active-icon tf_hide\"><svg  class=\"tf_fa tf-ti-arrow-left\" aria-hidden=\"true\"><use href=\"#tf-ti-arrow-left\"><\/use><\/svg><\/i>                    <span class=\"accordion-title-wrap\">Refinanzierungs-Manager<\/span>                <\/a>\n            <\/div><!-- .accordion-title -->\n            <div id=\"acc-us64858-9-content\" data-id=\"acc-us64858-9\" aria-hidden=\"true\" class=\"accordion-content tf_hide tf_clearfix\">\n                                    <div class=\"tb_text_wrap\">\n                        <p>Sie haben Ihren Fahrzeugbestand refinanziert. Hiermit haben Sie stets den Finanzierungsstatus sowie geplante Abschlagzahlungen im Blick.<br>(nur in Verbindung mit dem &#8220;Vertrags-Manager&#8221;)<\/p>                    <\/div>\n                            <\/div><!-- .accordion-content -->\n        <\/li>\n            <li>\n            <div class=\"accordion-title tf_rel\">\n                <a href=\"#acc-us64858-10\" class=\"tb_title_accordion\" aria-controls=\"acc-us64858-10-content\" aria-expanded=\"false\">\n                    <i class=\"accordion-icon\"><svg  class=\"tf_fa tf-ti-arrow-right\" aria-hidden=\"true\"><use href=\"#tf-ti-arrow-right\"><\/use><\/svg><\/i>                    <i class=\"accordion-active-icon tf_hide\"><svg  class=\"tf_fa tf-ti-arrow-left\" aria-hidden=\"true\"><use href=\"#tf-ti-arrow-left\"><\/use><\/svg><\/i>                    <span class=\"accordion-title-wrap\">KFZ-Briefe - Manager<\/span>                <\/a>\n            <\/div><!-- .accordion-title -->\n            <div id=\"acc-us64858-10-content\" data-id=\"acc-us64858-10\" aria-hidden=\"true\" class=\"accordion-content tf_hide tf_clearfix\">\n                                    <div class=\"tb_text_wrap\">\n                        <p>Ist ein Bestandteil des \u201eVertrags-Manager\u201c und verschafft Ihnen einen \u00dcberblick der KFZ-Briefe im Bestand. <br>Bestandsf\u00fchrung rein\/raus<\/p>                    <\/div>\n                            <\/div><!-- .accordion-content -->\n        <\/li>\n        <\/ul>\n\n<\/div><!-- \/module accordion -->        <\/div>\n                        <\/div>\n        <\/div>\n                        <div  data-lazy=\"1\" class=\"module_row themify_builder_row tb_2pfo346 tf_w\">\n                        <div class=\"row_inner col_align_top tb_col_count_1 tf_box tf_rel\">\n                        <div  data-lazy=\"1\" class=\"module_column tb-column col-full tb_6ang346 first\">\n                    <!-- module text -->\n<div  class=\"module module-text tb_lrgo782   \" data-lazy=\"1\">\n    <h3 class=\"module-title\">Technik<\/h3>    <div  class=\"tb_text_wrap\">\n        <p>Alle Aldex Programme basieren auf einem modularem Internetsystem, <br>welches durch ein modernes Baukastensystem jederzeit Ihren Bed\u00fcrfnissen angepasst werden kann.<\/p>\n<p>\u00a0<\/p>\n<p>Das hei\u00dft f\u00fcr Sie:<\/p>\n<p>&#8211; Weltweiter Zugriff auf Ihre Daten von jedem Rechner mit Internetzugang<\/p>\n<p>&#8211; Keine Installationskosten in Ihrem Computersystem dank Cloud-L\u00f6sung<\/p>\n<p>&#8211; Doppelte Datensicherung im gro\u00dfen Rechenzentrum<\/p>\n<p>&#8211; uvm.<\/p>    <\/div>\n<\/div>\n<!-- \/module text -->        <\/div>\n                        <\/div>\n        <\/div>\n        <\/div>\n<!--\/themify_builder_content-->","protected":false},"excerpt":{"rendered":"<p>Software Angebot ALDEX und Sonderprogammierung Vertrags-Manager Ziele Verk\u00e4ufer &#8211; Provisionen &#8211; Kalkulationen &#8211; Verk\u00e4ufermotivation\u00a0 Hier geht es weiter&#8230; Provisions-Manager Ist ein Bestandteil des &#8220;Vertrags-Manager&#8221; und wird genau auf Ihr Autohaus angepasst. Egal wie Ihr Provisionssystem aussieht! Hier geht es weiter&#8230; Fahrten-Planer Mit diesem Programm-Tool k\u00f6nnen Sie s\u00e4mtliche Fahrzeuge aus dem aktuellen Lagerbestand auf Probefahrten schicken, [&hellip;]<\/p>\n","protected":false},"author":1,"featured_media":0,"parent":0,"menu_order":0,"comment_status":"closed","ping_status":"closed","template":"","meta":{"om_disable_all_campaigns":false,"_monsterinsights_skip_tracking":false,"_monsterinsights_sitenote_active":false,"_monsterinsights_sitenote_note":"","_monsterinsights_sitenote_category":0,"footnotes":""},"class_list":["post-20","page","type-page","status-publish","hentry"],"builder_content":"<h3>Software Angebot ALDEX und Sonderprogammierung<\/h3><ul><li><h4>Vertrags-Manager<\/h4><p>Ziele Verk\u00e4ufer - Provisionen - Kalkulationen - Verk\u00e4ufermotivation\u00a0<\/p> <p><a href=\"..\/vm\/\">Hier geht es weiter...<\/a><\/p><\/li><li><h4>Provisions-Manager<\/h4><p>Ist ein Bestandteil des \"Vertrags-Manager\" und wird genau auf Ihr Autohaus angepasst. Egal wie Ihr Provisionssystem aussieht!<\/p> <p><a href=\"..\/wordpress\/provisionssystem\/\">Hier geht es weiter...<\/a><\/p><\/li><li><h4>Fahrten-Planer<\/h4><p>Mit diesem Programm-Tool k\u00f6nnen Sie s\u00e4mtliche Fahrzeuge aus dem aktuellen Lagerbestand auf Probefahrten schicken, Planen und Benutzervertr\u00e4ge erstellen.<\/p> <p><a href=\"..\/wordpress\/fahrten-planer\/\">Hier geht es weiter...<\/a><\/p><\/li><li><h4>Transport-Manager (Fzg innerbetrieblich tranportieren)<\/h4><p>Sie k\u00f6nnen mit diesem Tool zum Beispiel Transporte von A nach B oder von B in ein frei zu definierendes Ziel planen.<\/p> <p>Es k\u00f6nnte eine Spedition sein, die dann die Auftr\u00e4ge entgegennimmt ODER sie organisieren die Transporte mit ihrem eigenen LKW.<\/p> <p><a href=\"..\/wordpress\/transport-manager\/\">Hier geht es weiter...<\/a><\/p><\/li><li><h4>Sonderprogrammierung<\/h4><p>Mit unseren Sonderprogrammierungen k\u00f6nnen wir explizit auf spezifische Anforderungen und Sonderw\u00fcnsche von Unternehmen reagieren und Ihnen einen individuellen Mehrwert schaffen.<\/p><\/li><li><h4>Urlaubs-Manager<\/h4><p><img src=\"..\/wp-content\/uploads\/2022\/04\/box_um-1.png\" alt=\"\" width=\"96\" height=\"139\">Lassen Sie Ihre Mitarbeiter online die Urlaubstage und andere Abwesenheiten planen. Jeder erh\u00e4lt sofort den \u00dcberblick \u00fcber geplante Aktionen des Autohauses oder Urlaubspl\u00e4ne anderer Kollegen.<\/p> <p><a href=\"..\/wordpress\/urlaubs-manager\/\">Hier geht es weiter...<\/a><\/p><\/li><li><h4>Batterie-Manager<\/h4><p>Wie schnell passiert es, dass Gebrauchtwagen bei gew\u00fcnschten Probefahrten nicht anspringen, weil die Batterie leer ist, oder beim Neuwagen leider die Batterie sich tiefentladen hat und der Hersteller die Schuld auf Sie abw\u00e4lzt... <br>Der Batterie-Manager hilft Ihnen die Ladezeiten einzuhalten.<\/p> <p><a href=\"..\/wordpress\/batterie-manager\/\">Hier geht es weiter...<\/a><\/p><\/li><li><h4>R\u00e4der-Manager<\/h4><p><img src=\"..\/wp-content\/uploads\/2022\/04\/box_Rm_kl2.png\" alt=\"\" width=\"86\" height=\"160\">Beispiel:\u00a0<br>bei der Inzahlungnahme eines Gebrauchtwagens wurden Winterr\u00e4der mit geliefert. Wo landen diese? <br>Haben Sie noch den \u00dcberblick, oder verschwinden vielleicht sogar einmal ganze R\u00e4ders\u00e4tze?<\/p> <p>- Aktives verkaufen von gebrauchten Rads\u00e4tzen zu bestimmten Modellreihen.<br>- Bestand-Management<\/p> <p>Mit dem \"R\u00e4der-Manager\" behalten Sie den \u00dcberblick.<\/p><\/li><li><h4>Tank-Manager<\/h4><p><img src=\"..\/wp-content\/uploads\/2022\/04\/box_tm-135x300.png\" alt=\"\" width=\"90\" height=\"200\">Dieses Tool kann an den \"Vertrags-Manager\" angebunden werden und somit haben Sie den Kraftstoffverbrauch der Vorf\u00fchrwagen immer im Blick.\u00a0<\/p><\/li><li><h4>Refinanzierungs-Manager<\/h4><p>Sie haben Ihren Fahrzeugbestand refinanziert. Hiermit haben Sie stets den Finanzierungsstatus sowie geplante Abschlagzahlungen im Blick.<br>(nur in Verbindung mit dem \"Vertrags-Manager\")<\/p><\/li><li><h4>KFZ-Briefe - Manager<\/h4><p>Ist ein Bestandteil des \u201eVertrags-Manager\u201c und verschafft Ihnen einen \u00dcberblick der KFZ-Briefe im Bestand. <br>Bestandsf\u00fchrung rein\/raus<\/p><\/li><\/ul>\n<h3>Technik<\/h3> <p>Alle Aldex Programme basieren auf einem modularem Internetsystem, <br>welches durch ein modernes Baukastensystem jederzeit Ihren Bed\u00fcrfnissen angepasst werden kann.<\/p> <p>\u00a0<\/p> <p>Das hei\u00dft f\u00fcr Sie:<\/p> <p>- Weltweiter Zugriff auf Ihre Daten von jedem Rechner mit Internetzugang<\/p> <p>- Keine Installationskosten in Ihrem Computersystem dank Cloud-L\u00f6sung<\/p> <p>- Doppelte Datensicherung im gro\u00dfen Rechenzentrum<\/p> <p>- uvm.<\/p>","_links":{"self":[{"href":"https:\/\/aldexsoftware.de\/aldexsoftware\/wp-json\/wp\/v2\/pages\/20","targetHints":{"allow":["GET"]}}],"collection":[{"href":"https:\/\/aldexsoftware.de\/aldexsoftware\/wp-json\/wp\/v2\/pages"}],"about":[{"href":"https:\/\/aldexsoftware.de\/aldexsoftware\/wp-json\/wp\/v2\/types\/page"}],"author":[{"embeddable":true,"href":"https:\/\/aldexsoftware.de\/aldexsoftware\/wp-json\/wp\/v2\/users\/1"}],"replies":[{"embeddable":true,"href":"https:\/\/aldexsoftware.de\/aldexsoftware\/wp-json\/wp\/v2\/comments?post=20"}],"version-history":[{"count":41,"href":"https:\/\/aldexsoftware.de\/aldexsoftware\/wp-json\/wp\/v2\/pages\/20\/revisions"}],"predecessor-version":[{"id":827,"href":"https:\/\/aldexsoftware.de\/aldexsoftware\/wp-json\/wp\/v2\/pages\/20\/revisions\/827"}],"wp:attachment":[{"href":"https:\/\/aldexsoftware.de\/aldexsoftware\/wp-json\/wp\/v2\/media?parent=20"}],"curies":[{"name":"wp","href":"https:\/\/api.w.org\/{rel}","templated":true}]}}