{"id":324,"date":"2021-04-17T14:29:01","date_gmt":"2021-04-17T14:29:01","guid":{"rendered":"https:\/\/aldexsoftware.de\/aldexsoftware\/wordpress\/?page_id=324"},"modified":"2021-10-27T08:23:05","modified_gmt":"2021-10-27T08:23:05","slug":"datenschutz","status":"publish","type":"page","link":"https:\/\/aldexsoftware.de\/aldexsoftware\/datenschutz\/","title":{"rendered":"Datenschutz"},"content":{"rendered":"<!--themify_builder_content-->\n<div id=\"themify_builder_content-324\" data-postid=\"324\" class=\"themify_builder_content themify_builder_content-324 themify_builder tf_clear\">\n                    <div  data-lazy=\"1\" class=\"module_row themify_builder_row tb_daww580 tb_first tf_w\">\n                        <div class=\"row_inner col_align_top tb_col_count_1 tf_box tf_rel\">\n                        <div  data-lazy=\"1\" class=\"module_column tb-column col-full tb_k8jw580 first\">\n                    <!-- module text -->\n<div  class=\"module module-text tb_uoql707   \" data-lazy=\"1\">\n        <div  class=\"tb_text_wrap\">\n        <div id=\"main\">\n<div class=\"inside\">\n<div id=\"datenschutz\" class=\"mod_article block\">\n<h4 class=\"ce_text block\">Verantwortlicher und Kontakt Datenschutzbeauftragter<\/h4>\n<div>\n<p>Verantwortlicher im Sinne der DS-GVO, sonstiger in den Mitgliedsstaaten der EU geltenden Datenschutzgesetze und anderer Bestimmungen mit datenschutzrechtlichem Charakter ist:<\/p>\n<p>Aldex Software Maurizio Nicosia, Am Bergfeld 35, 21335 L\u00fcneburg<br \/>Tel.: +49 4131 \/ 22 33 77 1<br \/>E-Mail:info@aldex.de<\/p>\n<p>Den Datenschutzbeauftragten des Verantwortlichen erreichen Sie unter: info@aldex.de<\/p>\n<h4>Umfang der Verarbeitung personenbezogener Daten<\/h4>\n<p>Wir erheben und verwenden personenbezogene Daten von Ihnen grunds\u00e4tzlich nur, soweit dies zur Bereitstellung unserer Inhalte und Leistungen erforderlich ist, wenn Sie zum Beispiel Mitarbeiter Ihres Unternehmens zur Nutzung der Aldex Programme anlegen, damit diese sich dann einloggen k\u00f6nnen. Die Erhebung und Verwendung Ihrer personenbezogenen Daten erfolgt regelm\u00e4\u00dfig nur mit Ihrer Einwilligung.<\/p>\n<h4>Verarbeitungszwecke und Rechtsgrundlagen der Verarbeitung Ihrer personenbezogenen Daten<\/h4>\n<p>Wir erheben, verarbeiten und nutzen Ihre personenbezogenen Daten f\u00fcr folgende Zwecke:<\/p>\n<p>Begr\u00fcndung und Durchf\u00fchrung der Aldex-Programme<\/p>\n<p>Versand von hausinternen Mails oder Updateinformationen zu Programm\u00e4nderungen<\/p>\n<p>(falls Sie Ihre E-Mail Adresse speichern, sonst nicht)<\/p>\n<p>Welche personenbezogene Daten speichern wir von Ihnen:<br \/>Anmeldung und Teilnahme<\/p>\n<p>F\u00fcr Ihre Teilnahme am den Aldex-Programmen ben\u00f6tigen wir nur Ihren Namen, gegebenenfalls Ihren Vornamen.<\/p>\n<p>Sie selbst entscheiden, ob evtl. noch die E-Mail Adresse des Benutzers angelegt wird oder nicht. Weitere personenbezogene Daten brauchen wir nicht.<br \/><br \/><strong>Cookies<br \/><\/strong>Wir verwenden keine Cookies.<\/p>\n<p><strong>Dauer der Speicherung und L\u00f6schung von personenbezogenen Daten<br \/><\/strong>Wir verarbeiten und speichern Ihre personenbezogene Daten nur f\u00fcr den Zeitraum, der zur Erf\u00fcllung des Speicherungszweckes erforderlich ist oder sofern dies in Gesetzen oder Vorschriften vorgesehen wurde. Nach Wegfall oder Erf\u00fcllung des Zwecks werden Ihre personenbezogenen Daten gel\u00f6scht bzw. gesperrt. Im Fall der Sperrung erfolgt die L\u00f6schung sobald gesetzliche, satzungsm\u00e4\u00dfige oder vertragliche Aufbewahrungsfristen nicht entgegenstehen, kein Grund zu der Annahme besteht, dass eine L\u00f6schung Ihre schutzw\u00fcrdigen Interessen beeintr\u00e4chtigt und eine L\u00f6schung wegen der besonderen Art der Speicherung keinen unverh\u00e4ltnism\u00e4\u00dfig hohen Aufwand verursacht.<\/p>\n<p><strong>Weitergabe personenbezogener Daten an Dritte<\/strong><br \/>Aldex verzichtet auf jede kommerzielle Weitergabe Ihrer Daten (Verkauf, Vermietung) an Dritte.<\/p>\n<p>Wo werden Ihre Daten gespeichert?<br \/><br \/><strong>Speicherort<\/strong><br \/>Aldex bedient sich eines Rechenzentrums in Berlin (Strato AG, Pascalstra\u00dfe 10, 10587 Berlin). Dort betreibt Aldex einen eigenen angemieteten Server. Dieser wird ausschie\u00dflich durch Aldex bedient, gewartet und upgedatet. Zugang zu diesem Server hat nur Aldex. Alle Firmen die Aldex Programme nutzen, verwenden eine Cloud-Anwendung.Die Daten werden in Deutschland gespeichert.<br \/><br \/><strong>Datensicherung<\/strong><br \/>Die Datensicherung erfolgt zweimal am Tage auf einem \u00f6rtlich ausgelagerten Datenmedium.<br \/><br \/><strong>\u00dcbertragung und Verschl\u00fcsselung<\/strong><br \/>Beim Datentransfer, zum Beispiel bei der Eingabe Ihrer Daten in das Aldex-Anwenderprogramm, bieten wir Ihnen das so genannte SSL-Sicherheitsverfahren (Secure Socket Layer) in Verbindung mit einer 256-Bit-Verschl\u00fcsselung.<\/p>\n<p>Sie erkennen die \u00dcbertragung verschl\u00fcsselter Daten, an der Darstellung eines geschlossenen Schl\u00fcssel- bzw. Schloss-Symbols in der unteren Statusleiste Ihres Browsers.<\/p>\n<p>Wir wenden \u00e4u\u00dferste Sorgfalt und h\u00f6chste Sicherheitsstandards an, um Ihre pers\u00f6nlichen Daten vor unbefugten Zugriffen oder Datenverlust zu sch\u00fctzen. Wir weisen darauf hin, dass die Daten\u00fcbertragung im Internet (z.B. bei der Kommunikation per E-Mail) Sicherheitsl\u00fccken aufweisen kann. Ein l\u00fcckenloser Schutz der Daten vor dem Zugriff durch Dritte ist nicht m\u00f6glich.<\/p>\n<h4>Ihre Rechte<\/h4>\n<p>Selbstverst\u00e4ndlich haben Sie in Bezug auf die Erhebung Ihrer Daten Rechte, \u00fcber die wir Sie hiermit gern aufkl\u00e4ren. M\u00f6chten Sie eines der folgenden unentgeltlichen Rechte in Anspruch nehmen, so gen\u00fcgt eine einfache Nachricht an uns. Sie k\u00f6nnen dazu folgende Kontaktdaten verwenden<\/p>\n<p>Per E-Mail: info@aldex.de per Post: Aldex Software, Am Bergfeld 35, 21335 L\u00fcneburg, Deutschland<br \/><br \/><strong>a) Recht auf Auskunft<\/strong><br \/>Sie haben das Recht, von uns eine Auskunft \u00fcber die zu Ihrer Person gespeicherten personenbezogenen Daten zu verlangen.<\/p>\n<p><strong>b) Recht auf Berichtigung<\/strong><br \/>Sie haben das Recht, eine unverz\u00fcgliche Berichtigung und\/oder Vervollst\u00e4ndigung der Sie betreffenden personenbezogenen Daten zu verlangen.<br \/><br \/><strong>c) Recht auf Einschr\u00e4nkung der Verarbeitung<\/strong><br \/>Sie haben das Recht, die Einschr\u00e4nkung der Verarbeitung Ihrer personenbezogenen Daten zu verlangen, soweit die Richtigkeit der Daten von Ihnen bestritten wird, die Verarbeitung unrechtm\u00e4\u00dfig ist, Sie aber deren L\u00f6schung ablehnen und wir die Daten nicht mehr ben\u00f6tigen, Sie jedoch diese zur Geltendmachung, Aus\u00fcbung oder Verteidigung von Rechtsanspr\u00fcchen ben\u00f6tigen oder Sie Widerspruch gegen die Verarbeitung eingelegt haben.<\/p>\n<p><strong>d) Recht auf L\u00f6schung<\/strong><br \/>Sie haben das Recht, die L\u00f6schung Ihrer bei uns gespeicherten personenbezogenen Daten zu verlangen, soweit nicht die Aus\u00fcbung des Rechts auf freie Meinungs\u00e4u\u00dferung und Information, die Verarbeitung zur Erf\u00fcllung einer rechtlichen Verpflichtung, aus Gr\u00fcnden des \u00f6ffentlichen Interesses oder zur Geltendmachung, Aus\u00fcbung oder Verteidigung von Rechtsanspr\u00fcchen erforderlich ist.<br \/><br \/><strong>e) Recht auf Unterrichtung<\/strong><br \/>Haben Sie das Recht auf Berichtigung, L\u00f6schung oder Einschr\u00e4nkung der Verarbeitung geltend gemacht, werden wir allen Empf\u00e4ngern, denen die Sie betreffenden personenbezogenen Daten offengelegt wurden, diese Berichtigung oder L\u00f6schung der Daten oder Einschr\u00e4nkung der Verarbeitung mitteilen, es sei denn, dies erweist sich als unm\u00f6glich oder ist mit einem unverh\u00e4ltnism\u00e4\u00dfigen Aufwand verbunden.<br \/><br \/><strong>f) Recht auf Daten\u00fcbertragbarkeit<\/strong><br \/>Sie haben das Recht, personenbezogene Daten, die Sie uns bereitgestellt haben, an sich oder an einen Dritten in einem strukturierten, g\u00e4ngigen und maschinenlesbaren Format aush\u00e4ndigen zu lassen. Sofern Sie die direkte \u00dcbertragung der Daten an einen anderen Verantwortlichen verlangen, erfolgt dies nur, soweit es technisch machbar ist.<br \/><br \/><strong>g) Widerspruchsrecht<\/strong><br \/>Sofern Ihre personenbezogenen Daten auf Grundlage von berechtigten Interessen gem\u00e4\u00df Art. 6 Abs. 1 lit. f DS-GVO verarbeitet werden, haben Sie das Recht, gem\u00e4\u00df Art. 21 DS-GVO jederzeit Widerspruch gegen die Verarbeitung einzulegen.<br \/><br \/><strong>h) Widerrufsrecht von Einwilligungen<\/strong><br \/>Sie haben das Recht, Ihre Einwilligung bzgl. der Erhebung von Daten jederzeit mit Wirkung f\u00fcr die Zukunft zu widerrufen. Die bis zur Rechtskraft des Widerrufs erhobenen Daten bleiben hiervon unber\u00fchrt. Bitte haben Sie Verst\u00e4ndnis daf\u00fcr, dass die Umsetzung Ihres Widerrufs aus technischen Gr\u00fcnden ein wenig Zeit ben\u00f6tigen kann und Sie w\u00e4hrenddessen m\u00f6glicherweise noch Nachrichten von uns erhalten<br \/><br \/><strong>i) Ihr Beschwerderecht bei einer Aufsichtsbeh\u00f6rde<\/strong><br \/>Sie haben das Recht, eine Beschwerde bei einer Datenschutzbeh\u00f6rde einzureichen. Sie k\u00f6nnen sich dazu insbesondere an die Datenschutzbeh\u00f6rde wenden, die f\u00fcr Ihren Wohnort bzw. Ihr Bundesland zust\u00e4ndig ist oder die f\u00fcr den Ort zust\u00e4ndig ist, an dem die Verletzung des Datenschutzrechts stattgefunden hat. Alternativ k\u00f6nnen Sie sich auch an die f\u00fcr uns zust\u00e4ndige Datenschutzbeh\u00f6rde wenden, dies ist:<\/p>\n<p>Der Landesbeauftragte f\u00fcr den Datenschutz und die Informationsfreiheit<br \/>Niedersachsen<br \/>Prinzenstra\u00dfe 5, 30159 Hannover<br \/>Telefon: +49 0511 1204500<br \/>E-Mail: poststelle@lfdi.bwl.de<\/p>\n<h4>\u00c4nderung der Datenschutzhinweise<\/h4>\n<p>Um zu gew\u00e4hrleisten, dass unsere Datenschutzhinweise stets den aktuellen gesetzlichen Vorgaben entsprechen, behalten wir uns jederzeit \u00c4nderungen vor. Das gilt auch f\u00fcr den Fall, dass die Datenschutzhinweise aufgrund neuer oder \u00fcberarbeiteter Angebote oder Leistungen angepasst werden m\u00fcssen.<\/p>\n<p>Wir haben unsere Datenschutzhinweise auf die am 25.05.2018 in Kraft tretende Datenschutz-Grundverordnung angepasst.<\/p>\n<\/div>\n<\/div>\n<\/div>\n<\/div>    <\/div>\n<\/div>\n<!-- \/module text -->        <\/div>\n                        <\/div>\n        <\/div>\n        <\/div>\n<!--\/themify_builder_content-->","protected":false},"excerpt":{"rendered":"<p>Verantwortlicher und Kontakt Datenschutzbeauftragter Verantwortlicher im Sinne der DS-GVO, sonstiger in den Mitgliedsstaaten der EU geltenden Datenschutzgesetze und anderer Bestimmungen mit datenschutzrechtlichem Charakter ist: Aldex Software Maurizio Nicosia, Am Bergfeld 35, 21335 L\u00fcneburgTel.: +49 4131 \/ 22 33 77 1E-Mail:info@aldex.de Den Datenschutzbeauftragten des Verantwortlichen erreichen Sie unter: info@aldex.de Umfang der Verarbeitung personenbezogener Daten Wir erheben [&hellip;]<\/p>\n","protected":false},"author":1,"featured_media":0,"parent":0,"menu_order":0,"comment_status":"closed","ping_status":"closed","template":"","meta":{"om_disable_all_campaigns":false,"_monsterinsights_skip_tracking":false,"_monsterinsights_sitenote_active":false,"_monsterinsights_sitenote_note":"","_monsterinsights_sitenote_category":0,"footnotes":""},"class_list":["post-324","page","type-page","status-publish","hentry"],"builder_content":"<h4>Verantwortlicher und Kontakt Datenschutzbeauftragter<\/h4>\n<p>Verantwortlicher im Sinne der DS-GVO, sonstiger in den Mitgliedsstaaten der EU geltenden Datenschutzgesetze und anderer Bestimmungen mit datenschutzrechtlichem Charakter ist:<\/p> <p>Aldex Software Maurizio Nicosia, Am Bergfeld 35, 21335 L\u00fcneburg<br \/>Tel.: +49 4131 \/ 22 33 77 1<br \/>E-Mail:info@aldex.de<\/p> <p>Den Datenschutzbeauftragten des Verantwortlichen erreichen Sie unter: info@aldex.de<\/p> <h4>Umfang der Verarbeitung personenbezogener Daten<\/h4> <p>Wir erheben und verwenden personenbezogene Daten von Ihnen grunds\u00e4tzlich nur, soweit dies zur Bereitstellung unserer Inhalte und Leistungen erforderlich ist, wenn Sie zum Beispiel Mitarbeiter Ihres Unternehmens zur Nutzung der Aldex Programme anlegen, damit diese sich dann einloggen k\u00f6nnen. Die Erhebung und Verwendung Ihrer personenbezogenen Daten erfolgt regelm\u00e4\u00dfig nur mit Ihrer Einwilligung.<\/p> <h4>Verarbeitungszwecke und Rechtsgrundlagen der Verarbeitung Ihrer personenbezogenen Daten<\/h4> <p>Wir erheben, verarbeiten und nutzen Ihre personenbezogenen Daten f\u00fcr folgende Zwecke:<\/p> <p>Begr\u00fcndung und Durchf\u00fchrung der Aldex-Programme<\/p> <p>Versand von hausinternen Mails oder Updateinformationen zu Programm\u00e4nderungen<\/p> <p>(falls Sie Ihre E-Mail Adresse speichern, sonst nicht)<\/p> <p>Welche personenbezogene Daten speichern wir von Ihnen:<br \/>Anmeldung und Teilnahme<\/p> <p>F\u00fcr Ihre Teilnahme am den Aldex-Programmen ben\u00f6tigen wir nur Ihren Namen, gegebenenfalls Ihren Vornamen.<\/p> <p>Sie selbst entscheiden, ob evtl. noch die E-Mail Adresse des Benutzers angelegt wird oder nicht. Weitere personenbezogene Daten brauchen wir nicht.<br \/><br \/><strong>Cookies<br \/><\/strong>Wir verwenden keine Cookies.<\/p> <p><strong>Dauer der Speicherung und L\u00f6schung von personenbezogenen Daten<br \/><\/strong>Wir verarbeiten und speichern Ihre personenbezogene Daten nur f\u00fcr den Zeitraum, der zur Erf\u00fcllung des Speicherungszweckes erforderlich ist oder sofern dies in Gesetzen oder Vorschriften vorgesehen wurde. Nach Wegfall oder Erf\u00fcllung des Zwecks werden Ihre personenbezogenen Daten gel\u00f6scht bzw. gesperrt. Im Fall der Sperrung erfolgt die L\u00f6schung sobald gesetzliche, satzungsm\u00e4\u00dfige oder vertragliche Aufbewahrungsfristen nicht entgegenstehen, kein Grund zu der Annahme besteht, dass eine L\u00f6schung Ihre schutzw\u00fcrdigen Interessen beeintr\u00e4chtigt und eine L\u00f6schung wegen der besonderen Art der Speicherung keinen unverh\u00e4ltnism\u00e4\u00dfig hohen Aufwand verursacht.<\/p> <p><strong>Weitergabe personenbezogener Daten an Dritte<\/strong><br \/>Aldex verzichtet auf jede kommerzielle Weitergabe Ihrer Daten (Verkauf, Vermietung) an Dritte.<\/p> <p>Wo werden Ihre Daten gespeichert?<br \/><br \/><strong>Speicherort<\/strong><br \/>Aldex bedient sich eines Rechenzentrums in Berlin (Strato AG, Pascalstra\u00dfe 10, 10587 Berlin). Dort betreibt Aldex einen eigenen angemieteten Server. Dieser wird ausschie\u00dflich durch Aldex bedient, gewartet und upgedatet. Zugang zu diesem Server hat nur Aldex. Alle Firmen die Aldex Programme nutzen, verwenden eine Cloud-Anwendung.Die Daten werden in Deutschland gespeichert.<br \/><br \/><strong>Datensicherung<\/strong><br \/>Die Datensicherung erfolgt zweimal am Tage auf einem \u00f6rtlich ausgelagerten Datenmedium.<br \/><br \/><strong>\u00dcbertragung und Verschl\u00fcsselung<\/strong><br \/>Beim Datentransfer, zum Beispiel bei der Eingabe Ihrer Daten in das Aldex-Anwenderprogramm, bieten wir Ihnen das so genannte SSL-Sicherheitsverfahren (Secure Socket Layer) in Verbindung mit einer 256-Bit-Verschl\u00fcsselung.<\/p> <p>Sie erkennen die \u00dcbertragung verschl\u00fcsselter Daten, an der Darstellung eines geschlossenen Schl\u00fcssel- bzw. Schloss-Symbols in der unteren Statusleiste Ihres Browsers.<\/p> <p>Wir wenden \u00e4u\u00dferste Sorgfalt und h\u00f6chste Sicherheitsstandards an, um Ihre pers\u00f6nlichen Daten vor unbefugten Zugriffen oder Datenverlust zu sch\u00fctzen. Wir weisen darauf hin, dass die Daten\u00fcbertragung im Internet (z.B. bei der Kommunikation per E-Mail) Sicherheitsl\u00fccken aufweisen kann. Ein l\u00fcckenloser Schutz der Daten vor dem Zugriff durch Dritte ist nicht m\u00f6glich.<\/p> <h4>Ihre Rechte<\/h4> <p>Selbstverst\u00e4ndlich haben Sie in Bezug auf die Erhebung Ihrer Daten Rechte, \u00fcber die wir Sie hiermit gern aufkl\u00e4ren. M\u00f6chten Sie eines der folgenden unentgeltlichen Rechte in Anspruch nehmen, so gen\u00fcgt eine einfache Nachricht an uns. Sie k\u00f6nnen dazu folgende Kontaktdaten verwenden<\/p> <p>Per E-Mail: info@aldex.de per Post: Aldex Software, Am Bergfeld 35, 21335 L\u00fcneburg, Deutschland<br \/><br \/><strong>a) Recht auf Auskunft<\/strong><br \/>Sie haben das Recht, von uns eine Auskunft \u00fcber die zu Ihrer Person gespeicherten personenbezogenen Daten zu verlangen.<\/p> <p><strong>b) Recht auf Berichtigung<\/strong><br \/>Sie haben das Recht, eine unverz\u00fcgliche Berichtigung und\/oder Vervollst\u00e4ndigung der Sie betreffenden personenbezogenen Daten zu verlangen.<br \/><br \/><strong>c) Recht auf Einschr\u00e4nkung der Verarbeitung<\/strong><br \/>Sie haben das Recht, die Einschr\u00e4nkung der Verarbeitung Ihrer personenbezogenen Daten zu verlangen, soweit die Richtigkeit der Daten von Ihnen bestritten wird, die Verarbeitung unrechtm\u00e4\u00dfig ist, Sie aber deren L\u00f6schung ablehnen und wir die Daten nicht mehr ben\u00f6tigen, Sie jedoch diese zur Geltendmachung, Aus\u00fcbung oder Verteidigung von Rechtsanspr\u00fcchen ben\u00f6tigen oder Sie Widerspruch gegen die Verarbeitung eingelegt haben.<\/p> <p><strong>d) Recht auf L\u00f6schung<\/strong><br \/>Sie haben das Recht, die L\u00f6schung Ihrer bei uns gespeicherten personenbezogenen Daten zu verlangen, soweit nicht die Aus\u00fcbung des Rechts auf freie Meinungs\u00e4u\u00dferung und Information, die Verarbeitung zur Erf\u00fcllung einer rechtlichen Verpflichtung, aus Gr\u00fcnden des \u00f6ffentlichen Interesses oder zur Geltendmachung, Aus\u00fcbung oder Verteidigung von Rechtsanspr\u00fcchen erforderlich ist.<br \/><br \/><strong>e) Recht auf Unterrichtung<\/strong><br \/>Haben Sie das Recht auf Berichtigung, L\u00f6schung oder Einschr\u00e4nkung der Verarbeitung geltend gemacht, werden wir allen Empf\u00e4ngern, denen die Sie betreffenden personenbezogenen Daten offengelegt wurden, diese Berichtigung oder L\u00f6schung der Daten oder Einschr\u00e4nkung der Verarbeitung mitteilen, es sei denn, dies erweist sich als unm\u00f6glich oder ist mit einem unverh\u00e4ltnism\u00e4\u00dfigen Aufwand verbunden.<br \/><br \/><strong>f) Recht auf Daten\u00fcbertragbarkeit<\/strong><br \/>Sie haben das Recht, personenbezogene Daten, die Sie uns bereitgestellt haben, an sich oder an einen Dritten in einem strukturierten, g\u00e4ngigen und maschinenlesbaren Format aush\u00e4ndigen zu lassen. Sofern Sie die direkte \u00dcbertragung der Daten an einen anderen Verantwortlichen verlangen, erfolgt dies nur, soweit es technisch machbar ist.<br \/><br \/><strong>g) Widerspruchsrecht<\/strong><br \/>Sofern Ihre personenbezogenen Daten auf Grundlage von berechtigten Interessen gem\u00e4\u00df Art. 6 Abs. 1 lit. f DS-GVO verarbeitet werden, haben Sie das Recht, gem\u00e4\u00df Art. 21 DS-GVO jederzeit Widerspruch gegen die Verarbeitung einzulegen.<br \/><br \/><strong>h) Widerrufsrecht von Einwilligungen<\/strong><br \/>Sie haben das Recht, Ihre Einwilligung bzgl. der Erhebung von Daten jederzeit mit Wirkung f\u00fcr die Zukunft zu widerrufen. Die bis zur Rechtskraft des Widerrufs erhobenen Daten bleiben hiervon unber\u00fchrt. Bitte haben Sie Verst\u00e4ndnis daf\u00fcr, dass die Umsetzung Ihres Widerrufs aus technischen Gr\u00fcnden ein wenig Zeit ben\u00f6tigen kann und Sie w\u00e4hrenddessen m\u00f6glicherweise noch Nachrichten von uns erhalten<br \/><br \/><strong>i) Ihr Beschwerderecht bei einer Aufsichtsbeh\u00f6rde<\/strong><br \/>Sie haben das Recht, eine Beschwerde bei einer Datenschutzbeh\u00f6rde einzureichen. Sie k\u00f6nnen sich dazu insbesondere an die Datenschutzbeh\u00f6rde wenden, die f\u00fcr Ihren Wohnort bzw. Ihr Bundesland zust\u00e4ndig ist oder die f\u00fcr den Ort zust\u00e4ndig ist, an dem die Verletzung des Datenschutzrechts stattgefunden hat. Alternativ k\u00f6nnen Sie sich auch an die f\u00fcr uns zust\u00e4ndige Datenschutzbeh\u00f6rde wenden, dies ist:<\/p> <p>Der Landesbeauftragte f\u00fcr den Datenschutz und die Informationsfreiheit<br \/>Niedersachsen<br \/>Prinzenstra\u00dfe 5, 30159 Hannover<br \/>Telefon: +49 0511 1204500<br \/>E-Mail: poststelle@lfdi.bwl.de<\/p> <h4>\u00c4nderung der Datenschutzhinweise<\/h4> <p>Um zu gew\u00e4hrleisten, dass unsere Datenschutzhinweise stets den aktuellen gesetzlichen Vorgaben entsprechen, behalten wir uns jederzeit \u00c4nderungen vor. Das gilt auch f\u00fcr den Fall, dass die Datenschutzhinweise aufgrund neuer oder \u00fcberarbeiteter Angebote oder Leistungen angepasst werden m\u00fcssen.<\/p> <p>Wir haben unsere Datenschutzhinweise auf die am 25.05.2018 in Kraft tretende Datenschutz-Grundverordnung angepasst.<\/p>","_links":{"self":[{"href":"https:\/\/aldexsoftware.de\/aldexsoftware\/wp-json\/wp\/v2\/pages\/324","targetHints":{"allow":["GET"]}}],"collection":[{"href":"https:\/\/aldexsoftware.de\/aldexsoftware\/wp-json\/wp\/v2\/pages"}],"about":[{"href":"https:\/\/aldexsoftware.de\/aldexsoftware\/wp-json\/wp\/v2\/types\/page"}],"author":[{"embeddable":true,"href":"https:\/\/aldexsoftware.de\/aldexsoftware\/wp-json\/wp\/v2\/users\/1"}],"replies":[{"embeddable":true,"href":"https:\/\/aldexsoftware.de\/aldexsoftware\/wp-json\/wp\/v2\/comments?post=324"}],"version-history":[{"count":17,"href":"https:\/\/aldexsoftware.de\/aldexsoftware\/wp-json\/wp\/v2\/pages\/324\/revisions"}],"predecessor-version":[{"id":342,"href":"https:\/\/aldexsoftware.de\/aldexsoftware\/wp-json\/wp\/v2\/pages\/324\/revisions\/342"}],"wp:attachment":[{"href":"https:\/\/aldexsoftware.de\/aldexsoftware\/wp-json\/wp\/v2\/media?parent=324"}],"curies":[{"name":"wp","href":"https:\/\/api.w.org\/{rel}","templated":true}]}}