{"id":400,"date":"2021-04-19T09:30:47","date_gmt":"2021-04-19T09:30:47","guid":{"rendered":"https:\/\/aldexsoftware.de\/aldexsoftware\/wordpress\/?page_id=400"},"modified":"2022-09-21T13:30:18","modified_gmt":"2022-09-21T13:30:18","slug":"provisionssystem","status":"publish","type":"page","link":"https:\/\/aldexsoftware.de\/aldexsoftware\/provisionssystem\/","title":{"rendered":"Provisionssystem"},"content":{"rendered":"<!--themify_builder_content-->\n<div id=\"themify_builder_content-400\" data-postid=\"400\" class=\"themify_builder_content themify_builder_content-400 themify_builder tf_clear\">\n                    <div  data-zooming-bg=\"desktop\" data-lazy=\"1\" class=\"module_row themify_builder_row tb_m68l559 tb_first tf_w\">\n                        <div class=\"row_inner col_align_top tb_col_count_2 tf_box tf_rel\">\n                        <div  data-lazy=\"1\" class=\"module_column tb-column col4-2 tb_gk9x560 first\">\n                            <\/div>\n                    <div  data-lazy=\"1\" class=\"module_column tb-column col4-2 tb_a0rj632 last\">\n                    <!-- module text -->\n<div  class=\"module module-text tb_czk8408  repeat \" data-lazy=\"1\">\n    <h3 class=\"module-title\">Das Provisionssystem ist Bestandteil des \"Vertrags-Managers\"<\/h3>    <div  class=\"tb_text_wrap\">\n        <p><span style=\"color: #ffffff;\">Provisionen &#8220;Just in time&#8221;<\/span><br><span style=\"color: #ffffff;\">&#8211; Auf Ihr Autohaus angepa\u00dftes Provisionssytem<\/span><br><span style=\"color: #ffffff;\">&#8211; flexible Verg\u00fctungsmodelle<\/span><br><span style=\"color: #ffffff;\">&#8211; Automatische Provisionsberechnung im Popup<\/span><br><span style=\"color: #ffffff;\">&#8211; Fahrzeug ausgeliefert &#8211; Provision fertig &#8211; Verk\u00e4ufer motiviert!<\/span><br><span style=\"color: #ffffff;\">&#8211; Sonderprovisionen m\u00f6glich<\/span><br><span style=\"color: #ffffff;\">&#8211; Detailierte Provisionsabrechnung f\u00fcr die Verk\u00e4ufer<\/span><br><span style=\"color: #ffffff;\">&#8211; uvm.<\/span><\/p>\n<p><span style=\"color: #ffffff;\">Ihnen sind bei diesem Provisions-Tool so gut wie keine Grenze <strong>gesetzt.<\/strong><\/span><\/p>    <\/div>\n<\/div>\n<!-- \/module text --><!-- module buttons -->\n<div  class=\"module module-buttons tb_v1tb224 buttons-horizontal solid  rounded\" data-lazy=\"1\">\n        <div class=\"module-buttons-item tf_in_flx\">\n                        <a href=\"https:\/\/aldexsoftware.de\/aldexsoftware\/wordpress\/vertragsmanager\" class=\"ui builder_button tf_in_flx blue\" >\n                                                Vertrags - Manager                                        <\/a>\n                <\/div>\n            <\/div>\n<!-- \/module buttons -->\n        <\/div>\n                        <\/div>\n        <\/div>\n                        <div  data-lazy=\"1\" class=\"module_row themify_builder_row tb_vivp658 tf_w\">\n                        <div class=\"row_inner col_align_top tb_col_count_1 tf_box tf_rel\">\n                        <div  data-lazy=\"1\" class=\"module_column tb-column col-full tb_xxxn659 first\">\n                            <\/div>\n                        <\/div>\n        <\/div>\n                        <div  data-lazy=\"1\" class=\"module_row themify_builder_row tb_vbvp432 tf_w\">\n                        <div class=\"row_inner col_align_top tb_col_count_1 tf_box tf_rel\">\n                        <div  data-lazy=\"1\" class=\"module_column tb-column col-full tb_lozi433 first\">\n                    <!-- module gallery -->\n<div  class=\"module gallery module-gallery tb_o4ux565 layout-grid  \" data-lazy=\"1\">\n    <h3 class=\"module-title\">Screenshots<\/h3><div class=\"module-gallery-grid\" style=\"--gald:4;--galt:4;--galm:4\">\n            <dl class=\"gallery-item\">\n            <dt class=\"gallery-icon\">\n            <a data-title=\"no\" title=\"Popup Info Provision\" href=\"https:\/\/aldexsoftware.de\/aldexsoftware\/wp-content\/uploads\/2021\/04\/vm_prov3.png\" data-rel=\"tb_o4ux565\" class=\"themify_lightbox\"><img loading=\"lazy\" decoding=\"async\" src=\"https:\/\/aldexsoftware.de\/aldexsoftware\/wp-content\/uploads\/2021\/04\/vm_prov3-1024x381-300x200.png\" width=\"300\" height=\"200\" class=\"wp-post-image wp-image-423\" title=\"vm_prov3\" alt=\"vm_prov3\"><\/a>            <\/dt>\n             \n                <dd class=\"wp-caption-text gallery-caption\">\n                                                                <span class=\"themify_image_caption\">Popup Info Provision<\/span>\n                                    <\/dd>\n                    <\/dl>\n            <dl class=\"gallery-item\">\n            <dt class=\"gallery-icon\">\n            <a data-title=\"no\" title=\"Bearbeitung Provision\" href=\"https:\/\/aldexsoftware.de\/aldexsoftware\/wp-content\/uploads\/2021\/04\/vm_prov1.png\" data-rel=\"tb_o4ux565\" class=\"themify_lightbox\"><img loading=\"lazy\" decoding=\"async\" src=\"https:\/\/aldexsoftware.de\/aldexsoftware\/wp-content\/uploads\/2021\/04\/vm_prov1-1024x339-300x200.png\" width=\"300\" height=\"200\" class=\"wp-post-image wp-image-391\" title=\"vm_prov1\" alt=\"vm_prov1\"><\/a>            <\/dt>\n             \n                <dd class=\"wp-caption-text gallery-caption\">\n                                                                <span class=\"themify_image_caption\">Bearbeitung Provision<\/span>\n                                    <\/dd>\n                    <\/dl>\n    <\/div>\n<\/div>\n<!-- \/module gallery -->        <\/div>\n                        <\/div>\n        <\/div>\n        <\/div>\n<!--\/themify_builder_content-->\n\n\n<p><\/p>","protected":false},"excerpt":{"rendered":"<p>Das Provisionssystem ist Bestandteil des &#8220;Vertrags-Managers&#8221; Provisionen &#8220;Just in time&#8221;&#8211; Auf Ihr Autohaus angepa\u00dftes Provisionssytem&#8211; flexible Verg\u00fctungsmodelle&#8211; Automatische Provisionsberechnung im Popup&#8211; Fahrzeug ausgeliefert &#8211; Provision fertig &#8211; Verk\u00e4ufer motiviert!&#8211; Sonderprovisionen m\u00f6glich&#8211; Detailierte Provisionsabrechnung f\u00fcr die Verk\u00e4ufer&#8211; uvm. Ihnen sind bei diesem Provisions-Tool so gut wie keine Grenze gesetzt. Vertrags &#8211; Manager Screenshots<\/p>\n","protected":false},"author":1,"featured_media":0,"parent":0,"menu_order":0,"comment_status":"closed","ping_status":"closed","template":"","meta":{"om_disable_all_campaigns":false,"_monsterinsights_skip_tracking":false,"_monsterinsights_sitenote_active":false,"_monsterinsights_sitenote_note":"","_monsterinsights_sitenote_category":0,"footnotes":""},"class_list":["post-400","page","type-page","status-publish","hentry"],"builder_content":"<h3>Das Provisionssystem ist Bestandteil des \"Vertrags-Managers\"<\/h3> <p>Provisionen \"Just in time\"<br>- Auf Ihr Autohaus angepa\u00dftes Provisionssytem<br>- flexible Verg\u00fctungsmodelle<br>- Automatische Provisionsberechnung im Popup<br>- Fahrzeug ausgeliefert - Provision fertig - Verk\u00e4ufer motiviert!<br>- Sonderprovisionen m\u00f6glich<br>- Detailierte Provisionsabrechnung f\u00fcr die Verk\u00e4ufer<br>- uvm.<\/p> <p>Ihnen sind bei diesem Provisions-Tool so gut wie keine Grenze <strong>gesetzt.<\/strong><\/p>\n<a href=\"https:\/\/aldexsoftware.de\/aldexsoftware\/wordpress\/vertragsmanager\" > Vertrags - Manager <\/a>\n<h3>Screenshots<\/h3>[gallery ids=\"423,391\"]","_links":{"self":[{"href":"https:\/\/aldexsoftware.de\/aldexsoftware\/wp-json\/wp\/v2\/pages\/400","targetHints":{"allow":["GET"]}}],"collection":[{"href":"https:\/\/aldexsoftware.de\/aldexsoftware\/wp-json\/wp\/v2\/pages"}],"about":[{"href":"https:\/\/aldexsoftware.de\/aldexsoftware\/wp-json\/wp\/v2\/types\/page"}],"author":[{"embeddable":true,"href":"https:\/\/aldexsoftware.de\/aldexsoftware\/wp-json\/wp\/v2\/users\/1"}],"replies":[{"embeddable":true,"href":"https:\/\/aldexsoftware.de\/aldexsoftware\/wp-json\/wp\/v2\/comments?post=400"}],"version-history":[{"count":35,"href":"https:\/\/aldexsoftware.de\/aldexsoftware\/wp-json\/wp\/v2\/pages\/400\/revisions"}],"predecessor-version":[{"id":799,"href":"https:\/\/aldexsoftware.de\/aldexsoftware\/wp-json\/wp\/v2\/pages\/400\/revisions\/799"}],"wp:attachment":[{"href":"https:\/\/aldexsoftware.de\/aldexsoftware\/wp-json\/wp\/v2\/media?parent=400"}],"curies":[{"name":"wp","href":"https:\/\/api.w.org\/{rel}","templated":true}]}}