{"id":437,"date":"2021-04-19T13:08:02","date_gmt":"2021-04-19T13:08:02","guid":{"rendered":"https:\/\/aldexsoftware.de\/aldexsoftware\/wordpress\/?page_id=437"},"modified":"2021-10-27T15:57:02","modified_gmt":"2021-10-27T15:57:02","slug":"batterie-manager","status":"publish","type":"page","link":"https:\/\/aldexsoftware.de\/aldexsoftware\/batterie-manager\/","title":{"rendered":"Batterie-Manager BM"},"content":{"rendered":"<!--themify_builder_content-->\n<div id=\"themify_builder_content-437\" data-postid=\"437\" class=\"themify_builder_content themify_builder_content-437 themify_builder tf_clear\">\n                    <div  data-lazy=\"1\" class=\"module_row themify_builder_row tb_e1ts239 tb_first tf_w\">\n                        <div class=\"row_inner col_align_top tb_col_count_2 tf_box tf_rel\">\n                        <div  data-lazy=\"1\" class=\"module_column tb-column col4-2 tb_tnnm239 first\">\n                    <!-- module image -->\n<div  class=\"module module-image tb_dty1487 image-top   tf_mw\" data-lazy=\"1\">\n    <h3 class=\"module-title\">Plug-In Software<\/h3>    <div class=\"image-wrap tf_rel tf_mw\">\n            <img decoding=\"async\" src=\"https:\/\/aldexsoftware.de\/aldexsoftware\/wp-content\/uploads\/2021\/04\/batteryManagerLogo-153x50.png\" height=\"50\" class=\"wp-post-image wp-image-439\" title=\"batteryManagerLogo\" alt=\"batteryManagerLogo\" srcset=\"https:\/\/aldexsoftware.de\/aldexsoftware\/wp-content\/uploads\/2021\/04\/batteryManagerLogo-153x50.png 153w, https:\/\/aldexsoftware.de\/aldexsoftware\/wp-content\/uploads\/2021\/04\/batteryManagerLogo.png 300w\" sizes=\"(max-width: 153px) 100vw, 153px\" \/>    \n        <\/div>\n    <!-- \/image-wrap -->\n    \n        <\/div>\n<!-- \/module image --><!-- module image -->\n<div  class=\"module module-image tb_nphq160 image-top drop-shadow  auto_fullwidth tf_mw\" data-lazy=\"1\">\n        <div class=\"image-wrap tf_rel tf_mw\">\n            <img loading=\"lazy\" decoding=\"async\" width=\"1920\" height=\"1280\" src=\"https:\/\/aldexsoftware.de\/aldexsoftware\/wp-content\/uploads\/2021\/10\/sign-791333_1920.jpg\" class=\"wp-post-image wp-image-691\" title=\"sign-791333_1920\" alt=\"sign-791333_1920\" srcset=\"https:\/\/aldexsoftware.de\/aldexsoftware\/wp-content\/uploads\/2021\/10\/sign-791333_1920.jpg 1920w, https:\/\/aldexsoftware.de\/aldexsoftware\/wp-content\/uploads\/2021\/10\/sign-791333_1920-300x200.jpg 300w, https:\/\/aldexsoftware.de\/aldexsoftware\/wp-content\/uploads\/2021\/10\/sign-791333_1920-1024x683.jpg 1024w, https:\/\/aldexsoftware.de\/aldexsoftware\/wp-content\/uploads\/2021\/10\/sign-791333_1920-768x512.jpg 768w, https:\/\/aldexsoftware.de\/aldexsoftware\/wp-content\/uploads\/2021\/10\/sign-791333_1920-1536x1024.jpg 1536w\" sizes=\"auto, (max-width: 1920px) 100vw, 1920px\" \/>    \n        <\/div>\n    <!-- \/image-wrap -->\n    \n        <\/div>\n<!-- \/module image -->        <\/div>\n                    <div  data-lazy=\"1\" class=\"module_column tb-column col4-2 tb_j1bp943 last\">\n                    <!-- module text -->\n<div  class=\"module module-text tb_ot7y320   \" data-lazy=\"1\">\n        <div  class=\"tb_text_wrap\">\n        <p><strong>Problematik:<\/strong> <br \/>Immer wieder passiert es, dass im Lager Neuwagen mit defekter Batterie auftauchen.<br \/>Will man die Batterie sodann im Werk als Garantiefall einreichen und abrechnen, so bekommt man oft einen negativen Entscheid, weil man sich um die Ladung h\u00e4tte k\u00fcmmern m\u00fcssen.<br \/>Man bleibt auf den Kosten sitzen&#8230;<\/p>\n<p><strong>L\u00f6sung:<\/strong><br \/>W\u00e4re unser &#8220;Batterie-Ladekalender&#8221; mit Wiedervorlage des Zeitpunkts einer neuen Ladung der Batterie.<br \/>Neuzug\u00e4nge werden automatisch nach einer bestimmten Zeit (diese k\u00f6nnen Sie selbst bestimmen) zum Laden vorgeschlagen. Dies gilt nat\u00fcrlich auch f\u00fcr f\u00fcr Ihre Gebrauchtwagen.<br \/>Ein Ausdruck f\u00fcr die Werkstatt ist nat\u00fcrlich vorhanden.<\/p>    <\/div>\n<\/div>\n<!-- \/module text --><!-- module text -->\n<div  class=\"module module-text tb_f711333   \" data-lazy=\"1\">\n        <div  class=\"tb_text_wrap\">\n        <p>Kalender-\u00dcbersicht<br \/>Ladeplan nach Liste<\/p>    <\/div>\n<\/div>\n<!-- \/module text -->        <\/div>\n                        <\/div>\n        <\/div>\n                        <div  data-lazy=\"1\" class=\"module_row themify_builder_row tb_ggrh780 tf_w\">\n                        <div class=\"row_inner col_align_top tb_col_count_1 tf_box tf_rel\">\n                        <div  data-lazy=\"1\" class=\"module_column tb-column col-full tb_2j8r781 first\">\n                            <\/div>\n                        <\/div>\n        <\/div>\n                        <div  data-lazy=\"1\" class=\"module_row themify_builder_row tb_p7x3947 tf_w\">\n                        <div class=\"row_inner col_align_top tb_col_count_1 tf_box tf_rel\">\n                        <div  data-lazy=\"1\" class=\"module_column tb-column col-full tb_8v3i948 first\">\n                    <!-- module gallery -->\n<div  class=\"module gallery module-gallery tb_2x67334 layout-grid  \" data-lazy=\"1\">\n    <h3 class=\"module-title\">Screenshots Batterie-Manager<\/h3><div class=\"module-gallery-grid\" style=\"--gald:4;--galt:4;--galm:4\">\n            <dl class=\"gallery-item\">\n            <dt class=\"gallery-icon\">\n            <a data-title=\"\" title=\"Kalender\" href=\"https:\/\/aldexsoftware.de\/aldexsoftware\/wp-content\/uploads\/2021\/04\/vm_batterie1.png\" data-rel=\"tb_2x67334\" class=\"themify_lightbox\"><img loading=\"lazy\" decoding=\"async\" src=\"https:\/\/aldexsoftware.de\/aldexsoftware\/wp-content\/uploads\/2021\/04\/vm_batterie1-1024x545-300x200.png\" width=\"300\" height=\"200\" class=\"wp-post-image wp-image-443\" title=\"vm_batterie1\" alt=\"vm_batterie1\"><\/a>            <\/dt>\n             \n                <dd class=\"wp-caption-text gallery-caption\">\n                                                                <span class=\"themify_image_caption\">Kalender<\/span>\n                                    <\/dd>\n                    <\/dl>\n            <dl class=\"gallery-item\">\n            <dt class=\"gallery-icon\">\n            <a data-title=\"\" title=\"Ladung eintragen\" href=\"https:\/\/aldexsoftware.de\/aldexsoftware\/wp-content\/uploads\/2021\/04\/vm_batterie2.png\" data-rel=\"tb_2x67334\" class=\"themify_lightbox\"><img loading=\"lazy\" decoding=\"async\" src=\"https:\/\/aldexsoftware.de\/aldexsoftware\/wp-content\/uploads\/2021\/04\/vm_batterie2-1024x206-300x200.png\" width=\"300\" height=\"200\" class=\"wp-post-image wp-image-444\" title=\"vm_batterie2\" alt=\"vm_batterie2\"><\/a>            <\/dt>\n             \n                <dd class=\"wp-caption-text gallery-caption\">\n                                                                <span class=\"themify_image_caption\">Ladung eintragen<\/span>\n                                    <\/dd>\n                    <\/dl>\n    <\/div>\n<\/div>\n<!-- \/module gallery -->        <\/div>\n                        <\/div>\n        <\/div>\n        <\/div>\n<!--\/themify_builder_content-->","protected":false},"excerpt":{"rendered":"<p>Plug-In Software Problematik: Immer wieder passiert es, dass im Lager Neuwagen mit defekter Batterie auftauchen.Will man die Batterie sodann im Werk als Garantiefall einreichen und abrechnen, so bekommt man oft einen negativen Entscheid, weil man sich um die Ladung h\u00e4tte k\u00fcmmern m\u00fcssen.Man bleibt auf den Kosten sitzen&#8230; L\u00f6sung:W\u00e4re unser &#8220;Batterie-Ladekalender&#8221; mit Wiedervorlage des Zeitpunkts einer [&hellip;]<\/p>\n","protected":false},"author":1,"featured_media":0,"parent":0,"menu_order":0,"comment_status":"closed","ping_status":"closed","template":"","meta":{"om_disable_all_campaigns":false,"_monsterinsights_skip_tracking":false,"_monsterinsights_sitenote_active":false,"_monsterinsights_sitenote_note":"","_monsterinsights_sitenote_category":0,"footnotes":""},"class_list":["post-437","page","type-page","status-publish","hentry"],"builder_content":"<h3>Plug-In Software<\/h3> <img src=\"https:\/\/aldexsoftware.de\/aldexsoftware\/wp-content\/uploads\/2021\/04\/batteryManagerLogo-153x50.png\" height=\"50\" title=\"batteryManagerLogo\" alt=\"batteryManagerLogo\" srcset=\"https:\/\/aldexsoftware.de\/aldexsoftware\/wp-content\/uploads\/2021\/04\/batteryManagerLogo-153x50.png 153w, https:\/\/aldexsoftware.de\/aldexsoftware\/wp-content\/uploads\/2021\/04\/batteryManagerLogo.png 300w\" sizes=\"(max-width: 153px) 100vw, 153px\" \/>\n<img src=\"https:\/\/aldexsoftware.de\/aldexsoftware\/wp-content\/uploads\/2021\/10\/sign-791333_1920.jpg\" title=\"sign-791333_1920\" alt=\"sign-791333_1920\" srcset=\"https:\/\/aldexsoftware.de\/aldexsoftware\/wp-content\/uploads\/2021\/10\/sign-791333_1920.jpg 1920w, https:\/\/aldexsoftware.de\/aldexsoftware\/wp-content\/uploads\/2021\/10\/sign-791333_1920-300x200.jpg 300w, https:\/\/aldexsoftware.de\/aldexsoftware\/wp-content\/uploads\/2021\/10\/sign-791333_1920-1024x683.jpg 1024w, https:\/\/aldexsoftware.de\/aldexsoftware\/wp-content\/uploads\/2021\/10\/sign-791333_1920-768x512.jpg 768w, https:\/\/aldexsoftware.de\/aldexsoftware\/wp-content\/uploads\/2021\/10\/sign-791333_1920-1536x1024.jpg 1536w\" sizes=\"(max-width: 1920px) 100vw, 1920px\" \/>\n<p><strong>Problematik:<\/strong> <br \/>Immer wieder passiert es, dass im Lager Neuwagen mit defekter Batterie auftauchen.<br \/>Will man die Batterie sodann im Werk als Garantiefall einreichen und abrechnen, so bekommt man oft einen negativen Entscheid, weil man sich um die Ladung h\u00e4tte k\u00fcmmern m\u00fcssen.<br \/>Man bleibt auf den Kosten sitzen...<\/p> <p><strong>L\u00f6sung:<\/strong><br \/>W\u00e4re unser \"Batterie-Ladekalender\" mit Wiedervorlage des Zeitpunkts einer neuen Ladung der Batterie.<br \/>Neuzug\u00e4nge werden automatisch nach einer bestimmten Zeit (diese k\u00f6nnen Sie selbst bestimmen) zum Laden vorgeschlagen. Dies gilt nat\u00fcrlich auch f\u00fcr f\u00fcr Ihre Gebrauchtwagen.<br \/>Ein Ausdruck f\u00fcr die Werkstatt ist nat\u00fcrlich vorhanden.<\/p>\n<p>Kalender-\u00dcbersicht<br \/>Ladeplan nach Liste<\/p>\n<h3>Screenshots Batterie-Manager<\/h3>[gallery ids=\"443,444\"]","_links":{"self":[{"href":"https:\/\/aldexsoftware.de\/aldexsoftware\/wp-json\/wp\/v2\/pages\/437","targetHints":{"allow":["GET"]}}],"collection":[{"href":"https:\/\/aldexsoftware.de\/aldexsoftware\/wp-json\/wp\/v2\/pages"}],"about":[{"href":"https:\/\/aldexsoftware.de\/aldexsoftware\/wp-json\/wp\/v2\/types\/page"}],"author":[{"embeddable":true,"href":"https:\/\/aldexsoftware.de\/aldexsoftware\/wp-json\/wp\/v2\/users\/1"}],"replies":[{"embeddable":true,"href":"https:\/\/aldexsoftware.de\/aldexsoftware\/wp-json\/wp\/v2\/comments?post=437"}],"version-history":[{"count":26,"href":"https:\/\/aldexsoftware.de\/aldexsoftware\/wp-json\/wp\/v2\/pages\/437\/revisions"}],"predecessor-version":[{"id":692,"href":"https:\/\/aldexsoftware.de\/aldexsoftware\/wp-json\/wp\/v2\/pages\/437\/revisions\/692"}],"wp:attachment":[{"href":"https:\/\/aldexsoftware.de\/aldexsoftware\/wp-json\/wp\/v2\/media?parent=437"}],"curies":[{"name":"wp","href":"https:\/\/api.w.org\/{rel}","templated":true}]}}