{"id":61,"date":"2021-04-15T18:48:27","date_gmt":"2021-04-15T18:48:27","guid":{"rendered":"https:\/\/aldexsoftware.de\/aldexsoftware\/wordpress\/?page_id=61"},"modified":"2021-10-27T10:53:08","modified_gmt":"2021-10-27T10:53:08","slug":"fahrten-planer","status":"publish","type":"page","link":"https:\/\/aldexsoftware.de\/aldexsoftware\/fahrten-planer\/","title":{"rendered":"Fahrten-Planer"},"content":{"rendered":"<p><\/p>\n\n<!--themify_builder_content-->\n<div id=\"themify_builder_content-61\" data-postid=\"61\" class=\"themify_builder_content themify_builder_content-61 themify_builder tf_clear\">\n                    <div  data-zooming-bg=\"desktop\" data-lazy=\"1\" class=\"module_row themify_builder_row tb_6b2x760 tb_first tf_w\">\n                        <div class=\"row_inner col_align_top tb_col_count_2 tf_box tf_rel\">\n                        <div  data-lazy=\"1\" data-zooming-bg=\"desktop\" class=\"module_column tb-column col4-2 tb_fuvm761 first\">\n                    <!-- module image -->\n<div  class=\"module module-image tb_uugj183 image-top   tf_mw\" data-lazy=\"1\">\n        <div class=\"image-wrap tf_rel tf_mw\">\n            <img loading=\"lazy\" decoding=\"async\" width=\"1232\" height=\"813\" src=\"https:\/\/aldexsoftware.de\/aldexsoftware\/wp-content\/uploads\/2021\/04\/carRental.png\" class=\"wp-post-image wp-image-482\" title=\"carRental\" alt=\"carRental\" srcset=\"https:\/\/aldexsoftware.de\/aldexsoftware\/wp-content\/uploads\/2021\/04\/carRental.png 1232w, https:\/\/aldexsoftware.de\/aldexsoftware\/wp-content\/uploads\/2021\/04\/carRental-300x198.png 300w, https:\/\/aldexsoftware.de\/aldexsoftware\/wp-content\/uploads\/2021\/04\/carRental-1024x676.png 1024w, https:\/\/aldexsoftware.de\/aldexsoftware\/wp-content\/uploads\/2021\/04\/carRental-768x507.png 768w\" sizes=\"auto, (max-width: 1232px) 100vw, 1232px\" \/>    \n        <\/div>\n    <!-- \/image-wrap -->\n    \n        <\/div>\n<!-- \/module image -->        <\/div>\n                    <div  data-lazy=\"1\" class=\"module_column tb-column col4-2 tb_f6m4909 last\">\n                    <!-- module text -->\n<div  class=\"module module-text tb_5puj428   \" data-lazy=\"1\">\n        <div  class=\"tb_text_wrap\">\n        <p><strong>Probefahrten stets im \u00dcberblick.<br \/><\/strong><br \/>Die Probefahrt ist im Autohaus ein wichtiges Werkzeug zum Verkauf von Fahrzeugen. \u00a0 Mit dem ALDEX <strong>\u201eProbefahrten \/ Fahrten \u2013 Manager\u201c<\/strong>\u00a0haben Sie alles im Griff. \u00a0 <br \/>\u2013 Planer f\u00fcr Fahrten im Verkauf oder Werkstatt <br \/><br \/>\u2013\u00a0<strong>Mobiler Zugang vom Handy \u2013 Laptop f\u00fcr unterwegs<\/strong>\u00a0<br \/>\u2013 Unterteilung der Fahrten in Verkauf \u2013 Werkstatt \u2013 Intern <br \/>\u2013 Hauptfahrer mit E-Mail Benachrichtigung Vergabe Fzg. <br \/>\u2013 Probefahrtvereinbarung drucken (evtl. Formulare aus Ihrem Unternehmen) <br \/>\u2013 Hauptmen\u00fc mit\u00a0Infos \u00fcber n\u00e4chste Zeitr\u00e4ume Ausgabe \u2013 Retour <br \/>\u2013 Einfache Men\u00fcf\u00fchrung uvm.<\/p>    <\/div>\n<\/div>\n<!-- \/module text -->        <\/div>\n                        <\/div>\n        <\/div>\n                        <div  data-lazy=\"1\" class=\"module_row themify_builder_row tb_elf1692 tf_w\">\n                        <div class=\"row_inner col_align_top tb_col_count_1 tf_box tf_rel\">\n                        <div  data-lazy=\"1\" class=\"module_column tb-column col-full tb_vcm4694 first\">\n                            <\/div>\n                        <\/div>\n        <\/div>\n                        <div  data-lazy=\"1\" class=\"module_row themify_builder_row tb_d6ju170 tf_w\">\n                        <div class=\"row_inner col_align_top tb_col_count_1 tf_box tf_rel\">\n                        <div  data-lazy=\"1\" class=\"module_column tb-column col-full tb_2cj7170 first\">\n                    <!-- module gallery -->\n<div  class=\"module gallery module-gallery tb_sxyn670 layout-grid  \" data-lazy=\"1\">\n    <h3 class=\"module-title\">Sreenshots<\/h3><div class=\"module-gallery-grid\" style=\"--gald:4;--galt:4;--galm:4\">\n            <dl class=\"gallery-item\">\n            <dt class=\"gallery-icon\">\n            <a data-title=\"no\" title=\"Kalender\" href=\"https:\/\/aldexsoftware.de\/aldexsoftware\/wp-content\/uploads\/2021\/04\/fm100.png\" data-rel=\"tb_sxyn670\" class=\"themify_lightbox\"><img loading=\"lazy\" decoding=\"async\" src=\"https:\/\/aldexsoftware.de\/aldexsoftware\/wp-content\/uploads\/2021\/04\/fm100-1024x414-300x200.png\" width=\"300\" height=\"200\" class=\"wp-post-image wp-image-492\" title=\"fm100\" alt=\"fm100\"><\/a>            <\/dt>\n             \n                <dd class=\"wp-caption-text gallery-caption\">\n                                                                <span class=\"themify_image_caption\">Kalender<\/span>\n                                    <\/dd>\n                    <\/dl>\n            <dl class=\"gallery-item\">\n            <dt class=\"gallery-icon\">\n            <a data-title=\"no\" title=\"Fzg-Anlage\" href=\"https:\/\/aldexsoftware.de\/aldexsoftware\/wp-content\/uploads\/2021\/04\/fm3.png\" data-rel=\"tb_sxyn670\" class=\"themify_lightbox\"><img loading=\"lazy\" decoding=\"async\" src=\"https:\/\/aldexsoftware.de\/aldexsoftware\/wp-content\/uploads\/2021\/04\/fm3-1024x547-300x200.png\" width=\"300\" height=\"200\" class=\"wp-post-image wp-image-493\" title=\"fm3\" alt=\"fm3\"><\/a>            <\/dt>\n             \n                <dd class=\"wp-caption-text gallery-caption\">\n                                                                <span class=\"themify_image_caption\">Fzg-Anlage<\/span>\n                                    <\/dd>\n                    <\/dl>\n            <dl class=\"gallery-item\">\n            <dt class=\"gallery-icon\">\n            <a data-title=\"no\" title=\"Fahrt Informationen\" href=\"https:\/\/aldexsoftware.de\/aldexsoftware\/wp-content\/uploads\/2021\/04\/fm2.png\" data-rel=\"tb_sxyn670\" class=\"themify_lightbox\"><img loading=\"lazy\" decoding=\"async\" src=\"https:\/\/aldexsoftware.de\/aldexsoftware\/wp-content\/uploads\/2021\/04\/fm2-1024x374-300x200.png\" width=\"300\" height=\"200\" class=\"wp-post-image wp-image-495\" title=\"fm2\" alt=\"fm2\"><\/a>            <\/dt>\n             \n                <dd class=\"wp-caption-text gallery-caption\">\n                                                                <span class=\"themify_image_caption\">Fahrt Informationen<\/span>\n                                    <\/dd>\n                    <\/dl>\n            <dl class=\"gallery-item\">\n            <dt class=\"gallery-icon\">\n            <a data-title=\"no\" title=\"Benutzer-Vertrag Standard\" href=\"https:\/\/aldexsoftware.de\/aldexsoftware\/wp-content\/uploads\/2021\/04\/fm_benutzervertrag.png\" data-rel=\"tb_sxyn670\" class=\"themify_lightbox\"><img loading=\"lazy\" decoding=\"async\" src=\"https:\/\/aldexsoftware.de\/aldexsoftware\/wp-content\/uploads\/2021\/04\/fm_benutzervertrag-300x200.png\" width=\"300\" height=\"200\" class=\"wp-post-image wp-image-534\" title=\"fm_benutzervertrag\" alt=\"fm_benutzervertrag\"><\/a>            <\/dt>\n             \n                <dd class=\"wp-caption-text gallery-caption\">\n                                                                <span class=\"themify_image_caption\">Benutzer-Vertrag Standard<\/span>\n                                    <\/dd>\n                    <\/dl>\n    <\/div>\n<\/div>\n<!-- \/module gallery -->        <\/div>\n                        <\/div>\n        <\/div>\n        <\/div>\n<!--\/themify_builder_content-->","protected":false},"excerpt":{"rendered":"<p>Probefahrten stets im \u00dcberblick.Die Probefahrt ist im Autohaus ein wichtiges Werkzeug zum Verkauf von Fahrzeugen. \u00a0 Mit dem ALDEX \u201eProbefahrten \/ Fahrten \u2013 Manager\u201c\u00a0haben Sie alles im Griff. \u00a0 \u2013 Planer f\u00fcr Fahrten im Verkauf oder Werkstatt \u2013\u00a0Mobiler Zugang vom Handy \u2013 Laptop f\u00fcr unterwegs\u00a0\u2013 Unterteilung der Fahrten in Verkauf \u2013 Werkstatt \u2013 Intern \u2013 [&hellip;]<\/p>\n","protected":false},"author":1,"featured_media":0,"parent":0,"menu_order":0,"comment_status":"closed","ping_status":"closed","template":"","meta":{"om_disable_all_campaigns":false,"_monsterinsights_skip_tracking":false,"_monsterinsights_sitenote_active":false,"_monsterinsights_sitenote_note":"","_monsterinsights_sitenote_category":0,"footnotes":""},"class_list":["post-61","page","type-page","status-publish","hentry"],"builder_content":"<img src=\"https:\/\/aldexsoftware.de\/aldexsoftware\/wp-content\/uploads\/2021\/04\/carRental.png\" title=\"carRental\" alt=\"carRental\" srcset=\"https:\/\/aldexsoftware.de\/aldexsoftware\/wp-content\/uploads\/2021\/04\/carRental.png 1232w, https:\/\/aldexsoftware.de\/aldexsoftware\/wp-content\/uploads\/2021\/04\/carRental-300x198.png 300w, https:\/\/aldexsoftware.de\/aldexsoftware\/wp-content\/uploads\/2021\/04\/carRental-1024x676.png 1024w, https:\/\/aldexsoftware.de\/aldexsoftware\/wp-content\/uploads\/2021\/04\/carRental-768x507.png 768w\" sizes=\"(max-width: 1232px) 100vw, 1232px\" \/>\n<p><strong>Probefahrten stets im \u00dcberblick.<br \/><\/strong><br \/>Die Probefahrt ist im Autohaus ein wichtiges Werkzeug zum Verkauf von Fahrzeugen. \u00a0 Mit dem ALDEX <strong>\u201eProbefahrten \/ Fahrten \u2013 Manager\u201c<\/strong>\u00a0haben Sie alles im Griff. \u00a0 <br \/>\u2013 Planer f\u00fcr Fahrten im Verkauf oder Werkstatt <br \/><br \/>\u2013\u00a0<strong>Mobiler Zugang vom Handy \u2013 Laptop f\u00fcr unterwegs<\/strong>\u00a0<br \/>\u2013 Unterteilung der Fahrten in Verkauf \u2013 Werkstatt \u2013 Intern <br \/>\u2013 Hauptfahrer mit E-Mail Benachrichtigung Vergabe Fzg. <br \/>\u2013 Probefahrtvereinbarung drucken (evtl. Formulare aus Ihrem Unternehmen) <br \/>\u2013 Hauptmen\u00fc mit\u00a0Infos \u00fcber n\u00e4chste Zeitr\u00e4ume Ausgabe \u2013 Retour <br \/>\u2013 Einfache Men\u00fcf\u00fchrung uvm.<\/p>\n<h3>Sreenshots<\/h3>[gallery ids=\"492,493,495,534\"]","_links":{"self":[{"href":"https:\/\/aldexsoftware.de\/aldexsoftware\/wp-json\/wp\/v2\/pages\/61","targetHints":{"allow":["GET"]}}],"collection":[{"href":"https:\/\/aldexsoftware.de\/aldexsoftware\/wp-json\/wp\/v2\/pages"}],"about":[{"href":"https:\/\/aldexsoftware.de\/aldexsoftware\/wp-json\/wp\/v2\/types\/page"}],"author":[{"embeddable":true,"href":"https:\/\/aldexsoftware.de\/aldexsoftware\/wp-json\/wp\/v2\/users\/1"}],"replies":[{"embeddable":true,"href":"https:\/\/aldexsoftware.de\/aldexsoftware\/wp-json\/wp\/v2\/comments?post=61"}],"version-history":[{"count":24,"href":"https:\/\/aldexsoftware.de\/aldexsoftware\/wp-json\/wp\/v2\/pages\/61\/revisions"}],"predecessor-version":[{"id":654,"href":"https:\/\/aldexsoftware.de\/aldexsoftware\/wp-json\/wp\/v2\/pages\/61\/revisions\/654"}],"wp:attachment":[{"href":"https:\/\/aldexsoftware.de\/aldexsoftware\/wp-json\/wp\/v2\/media?parent=61"}],"curies":[{"name":"wp","href":"https:\/\/api.w.org\/{rel}","templated":true}]}}