{"id":7,"date":"2021-04-15T15:46:10","date_gmt":"2021-04-15T15:46:10","guid":{"rendered":"https:\/\/aldexsoftware.de\/aldexsoftware\/wordpress\/?page_id=7"},"modified":"2026-05-13T07:56:32","modified_gmt":"2026-05-13T07:56:32","slug":"home","status":"publish","type":"page","link":"https:\/\/aldexsoftware.de\/aldexsoftware\/","title":{"rendered":"Home"},"content":{"rendered":"<!--themify_builder_content-->\n<div id=\"themify_builder_content-7\" data-postid=\"7\" class=\"themify_builder_content themify_builder_content-7 themify_builder tf_clear\">\n                    <div  data-lazy=\"1\" class=\"module_row themify_builder_row tb_siye155 tb_first tf_w\">\n                        <div class=\"row_inner col_align_top tb_col_count_4 tf_box tf_rel\">\n                        <div  data-lazy=\"1\" class=\"module_column tb-column col4-1 tb_4dov155 first\">\n                    <!-- module image -->\n<div  class=\"module module-image tb_l5ca335 image-overlay   tf_mw\" data-lazy=\"1\">\n        <div class=\"image-wrap tf_rel tf_mw\">\n            <img loading=\"lazy\" decoding=\"async\" width=\"1170\" height=\"491\" src=\"https:\/\/aldexsoftware.de\/aldexsoftware\/wp-content\/uploads\/2021\/04\/syed-hussaini-iAcEnSs9jNU-unsplash-scaled-e1618568789435.jpg\" class=\"wp-post-image wp-image-145\" title=\"syed-hussaini-iAcEnSs9jNU-unsplash\" alt=\"syed-hussaini-iAcEnSs9jNU-unsplash\">    \n    \n                <\/div>\n        <!-- \/image-wrap -->\n    <\/div>\n<!-- \/module image --><!-- module divider -->\n<div  class=\"module tf_mw module-divider tb_arxv811 solid   \" style=\"border-width: 3px;border-color: #007bff;\" data-lazy=\"1\">\n    <\/div>\n<!-- \/module divider -->\n<!-- module text -->\n<div  class=\"module module-text tb_drdk808   \" data-lazy=\"1\">\n        <div  class=\"tb_text_wrap\">\n        <h5 style=\"text-align: center;\"><span style=\"color: #3366ff;\"><strong>Probefahrten-Manager<\/strong><\/span><\/h5>\n<ul>\n<li style=\"text-align: left;\">Probefahrten Software<\/li>\n<li style=\"text-align: left;\">Probefahrt Vertrag<\/li>\n<li style=\"text-align: left;\">Probefahrten planen<\/li>\n<\/ul>    <\/div>\n<\/div>\n<!-- \/module text --><!-- module buttons -->\n<div  class=\"module module-buttons tb_t97r619 buttons-horizontal solid  small circle\" data-lazy=\"1\">\n        <div class=\"module-buttons-item tf_in_flx\">\n                        <a href=\"https:\/\/aldexsoftware.de\/aldexsoftware\/fahrten-planer\/\" class=\"ui builder_button tf_in_flx tb_default_color\" >\n                                                Mehr erfahren                                        <\/a>\n                <\/div>\n            <\/div>\n<!-- \/module buttons -->\n        <\/div>\n                    <div  data-lazy=\"1\" class=\"module_column tb-column col4-1 tb_j3y9155\">\n                    <!-- module image -->\n<div  class=\"module module-image tb_kpi8980 image-overlay   tf_mw\" data-lazy=\"1\">\n        <div class=\"image-wrap tf_rel tf_mw\">\n            <img loading=\"lazy\" decoding=\"async\" width=\"2560\" height=\"1075\" src=\"https:\/\/aldexsoftware.de\/aldexsoftware\/wp-content\/uploads\/2021\/04\/handshake-1-scaled-e1618572675509.jpg\" class=\"wp-post-image wp-image-165\" title=\"handshake\" alt=\"handshake\" srcset=\"https:\/\/aldexsoftware.de\/aldexsoftware\/wp-content\/uploads\/2021\/04\/handshake-1-scaled-e1618572675509.jpg 2560w, https:\/\/aldexsoftware.de\/aldexsoftware\/wp-content\/uploads\/2021\/04\/handshake-1-scaled-e1618572675509-300x126.jpg 300w, https:\/\/aldexsoftware.de\/aldexsoftware\/wp-content\/uploads\/2021\/04\/handshake-1-scaled-e1618572675509-1024x430.jpg 1024w, https:\/\/aldexsoftware.de\/aldexsoftware\/wp-content\/uploads\/2021\/04\/handshake-1-scaled-e1618572675509-768x323.jpg 768w, https:\/\/aldexsoftware.de\/aldexsoftware\/wp-content\/uploads\/2021\/04\/handshake-1-scaled-e1618572675509-1536x645.jpg 1536w, https:\/\/aldexsoftware.de\/aldexsoftware\/wp-content\/uploads\/2021\/04\/handshake-1-scaled-e1618572675509-2048x860.jpg 2048w\" sizes=\"auto, (max-width: 2560px) 100vw, 2560px\" \/>    \n    \n                <\/div>\n        <!-- \/image-wrap -->\n    <\/div>\n<!-- \/module image --><!-- module divider -->\n<div  class=\"module tf_mw module-divider tb_rxdm167 solid   \" style=\"border-width: 3px;border-color: #007bff;\" data-lazy=\"1\">\n    <\/div>\n<!-- \/module divider -->\n<!-- module text -->\n<div  class=\"module module-text tb_2i27629   \" data-lazy=\"1\">\n        <div  class=\"tb_text_wrap\">\n        <h5 style=\"text-align: center;\"><span style=\"color: #3366ff;\"><strong>Vertrags-Manager &amp; Provisionssystem<\/strong><\/span><\/h5>\n<p style=\"text-align: center;\">Kalkulation &#8211; Planen &#8211; Ziele setzen<\/p>    <\/div>\n<\/div>\n<!-- \/module text --><!-- module buttons -->\n<div  class=\"module module-buttons tb_ljyi84 buttons-horizontal solid  small circle\" data-lazy=\"1\">\n        <div class=\"module-buttons-item tf_in_flx\">\n                        <a href=\"https:\/\/aldexsoftware.de\/aldexsoftware\/vertragsmanager\" class=\"ui builder_button tf_in_flx tb_default_color\" >\n                                                Mehr erfahren                                        <\/a>\n                <\/div>\n            <\/div>\n<!-- \/module buttons -->\n        <div  data-lazy=\"1\" class=\"module_subrow themify_builder_sub_row tf_w col_align_top tb_col_count_1 tb_m9pr834\">\n                <div  data-lazy=\"1\" class=\"module_column sub_column col-full tb_wygq836 first\">\n                            <\/div>\n                    <\/div>\n                <\/div>\n                    <div  data-lazy=\"1\" class=\"module_column tb-column col4-1 tb_gt4e156\">\n                    <!-- module image -->\n<div  class=\"module module-image tb_0yf9309 image-overlay   tf_mw\" data-lazy=\"1\">\n        <div class=\"image-wrap tf_rel tf_mw\">\n            <img loading=\"lazy\" decoding=\"async\" width=\"653\" height=\"164\" src=\"https:\/\/aldexsoftware.de\/aldexsoftware\/wp-content\/uploads\/2023\/03\/transP.png\" class=\"wp-post-image wp-image-807\" title=\"transP\" alt=\"transP\" srcset=\"https:\/\/aldexsoftware.de\/aldexsoftware\/wp-content\/uploads\/2023\/03\/transP.png 653w, https:\/\/aldexsoftware.de\/aldexsoftware\/wp-content\/uploads\/2023\/03\/transP-300x75.png 300w\" sizes=\"auto, (max-width: 653px) 100vw, 653px\" \/>    \n    \n                <\/div>\n        <!-- \/image-wrap -->\n    <\/div>\n<!-- \/module image --><!-- module divider -->\n<div  class=\"module tf_mw module-divider tb_ftya497 solid   \" style=\"border-width: 3px;border-color: #007bff;\" data-lazy=\"1\">\n    <\/div>\n<!-- \/module divider -->\n<!-- module text -->\n<div  class=\"module module-text tb_5456296   \" data-lazy=\"1\">\n        <div  class=\"tb_text_wrap\">\n        <h5 style=\"text-align: center;\"><span style=\"color: #3366ff;\"><strong>Transport-Planer<\/strong><\/span><\/h5>\n<p style=\"text-align: center;\">Innerbetriebl. Transporte <br>mit QR-Code<\/p>    <\/div>\n<\/div>\n<!-- \/module text -->        <div  data-lazy=\"1\" class=\"module_subrow themify_builder_sub_row tf_w col_align_top tb_col_count_1 tb_a92o326\">\n                <div  data-lazy=\"1\" class=\"module_column sub_column col-full tb_yphq327 first\">\n                    <!-- module buttons -->\n<div  class=\"module module-buttons tb_5i7h485 buttons-horizontal solid  small circle\" data-lazy=\"1\">\n        <div class=\"module-buttons-item tf_in_flx\">\n                        <a href=\"https:\/\/aldexsoftware.de\/aldexsoftware\/transport-manager\/\" class=\"ui builder_button tf_in_flx tb_default_color\" >\n                                                Mehr erfahren                                        <\/a>\n                <\/div>\n            <\/div>\n<!-- \/module buttons -->\n        <\/div>\n                    <\/div>\n                <div  data-lazy=\"1\" class=\"module_subrow themify_builder_sub_row tf_w col_align_top tb_col_count_1 tb_0xi424\">\n                <div  data-lazy=\"1\" class=\"module_column sub_column col-full tb_i2in24 first\">\n                            <\/div>\n                    <\/div>\n                <\/div>\n                    <div  data-lazy=\"1\" class=\"module_column tb-column col4-1 tb_odec156 last\">\n                    <!-- module image -->\n<div  class=\"module module-image tb_8xhn682 image-overlay   tf_mw\" data-lazy=\"1\">\n        <div class=\"image-wrap tf_rel tf_mw\">\n            <img loading=\"lazy\" decoding=\"async\" width=\"2560\" height=\"1075\" src=\"https:\/\/aldexsoftware.de\/aldexsoftware\/wp-content\/uploads\/2021\/04\/keybord-scaled-e1618573654275.jpg\" class=\"wp-post-image wp-image-171\" title=\"keybord\" alt=\"keybord\" srcset=\"https:\/\/aldexsoftware.de\/aldexsoftware\/wp-content\/uploads\/2021\/04\/keybord-scaled-e1618573654275.jpg 2560w, https:\/\/aldexsoftware.de\/aldexsoftware\/wp-content\/uploads\/2021\/04\/keybord-scaled-e1618573654275-300x126.jpg 300w, https:\/\/aldexsoftware.de\/aldexsoftware\/wp-content\/uploads\/2021\/04\/keybord-scaled-e1618573654275-1024x430.jpg 1024w, https:\/\/aldexsoftware.de\/aldexsoftware\/wp-content\/uploads\/2021\/04\/keybord-scaled-e1618573654275-768x323.jpg 768w, https:\/\/aldexsoftware.de\/aldexsoftware\/wp-content\/uploads\/2021\/04\/keybord-scaled-e1618573654275-1536x645.jpg 1536w, https:\/\/aldexsoftware.de\/aldexsoftware\/wp-content\/uploads\/2021\/04\/keybord-scaled-e1618573654275-2048x860.jpg 2048w\" sizes=\"auto, (max-width: 2560px) 100vw, 2560px\" \/>    \n    \n                <\/div>\n        <!-- \/image-wrap -->\n    <\/div>\n<!-- \/module image --><!-- module divider -->\n<div  class=\"module tf_mw module-divider tb_euzm57 solid   \" style=\"border-width: 3px;border-color: #007bff;\" data-lazy=\"1\">\n    <\/div>\n<!-- \/module divider -->\n<!-- module text -->\n<div  class=\"module module-text tb_8f20690   \" data-lazy=\"1\">\n        <div  class=\"tb_text_wrap\">\n        <h5 style=\"text-align: center;\"><a href=\"https:\/\/aldexsoftware.de\/aldexsoftware\/wordpress\/weitere-software\/\"><span style=\"color: #3366ff;\"><strong>weitere Software<\/strong><\/span><\/a><\/h5>\n<ul>\n<li style=\"text-align: left;\"><a href=\"https:\/\/aldexsoftware.de\/aldexsoftware\/produkte\/\">Sonderprogrammierung<\/a><\/li>\n<li><a href=\"https:\/\/aldexsoftware.de\/aldexsoftware\/urlaubs-manager\/\">Urlaubs-Planer Mitarbeiter<\/a><\/li>\n<li style=\"text-align: left;\"><a href=\"https:\/\/aldexsoftware.de\/aldexsoftware\/produkte\/\">Tank-Manager<\/a><\/li>\n<li style=\"text-align: left;\"><a href=\"https:\/\/aldexsoftware.de\/aldexsoftware\/produkte\/\">R\u00e4der-Manager<\/a><\/li>\n<li><a href=\"https:\/\/aldexsoftware.de\/aldexsoftware\/batterie-manager\/\">Batterie-Manager<\/a><\/li>\n<li><a href=\"https:\/\/aldexsoftware.de\/aldexsoftware\/produkte\/\">KFZ-Briefe Manager<\/a><\/li>\n<li style=\"text-align: left;\"><a href=\"https:\/\/aldexsoftware.de\/aldexsoftware\/produkte\/\">Refinanzierungs-Manager<\/a><\/li>\n<\/ul>    <\/div>\n<\/div>\n<!-- \/module text -->        <\/div>\n                        <\/div>\n        <\/div>\n                        <div  data-lazy=\"1\" class=\"module_row themify_builder_row tb_rfnv758 tf_w\">\n                        <div class=\"row_inner col_align_top tb_col_count_1 tf_box tf_rel\">\n                        <div  data-lazy=\"1\" class=\"module_column tb-column col-full tb_5oai759 first\">\n                            <\/div>\n                        <\/div>\n        <\/div>\n                        <div  data-css_id=\"zfuw429\" data-lazy=\"1\" class=\"module_row themify_builder_row fullwidth_row_container tb_zfuw429 tf_w\">\n                        <div class=\"row_inner col_align_top tb_col_count_1 tf_box tf_rel\">\n                        <div  data-lazy=\"1\" class=\"module_column tb-column col-full tb_ruc8430 first\">\n                    <!-- module text -->\n<div  class=\"module module-text tb_hv9i921   \" data-lazy=\"1\">\n    <h3 class=\"module-title\">MIT DEM ZIEL VOR AUGEN ZUM ERFOLG<\/h3>    <div  class=\"tb_text_wrap\">\n        <p>Unser Kundenkreis umfasst zahlreiche renommierte Autoh\u00e4ndler verschiedenster Marken im gesamten Bundesgebiet und auch in Ihrer Region, sowohl kleine Betriebe als auch H\u00e4ndler mit \u00fcber 10 Standorten,\u00a0 die seit vielen Jahren erfolgreich mit unseren ma\u00dfgeschneiderten Softwarel\u00f6sungen arbeiten. Alle unsere Programme sind direkt aus den allt\u00e4glichen Prozessen eines Autohauses entstanden.<\/p>\n<p>Damit Sie im stressigen Tagesgesch\u00e4ft den Fokus nicht verlieren, bieten unsere Softwaremodule die n\u00f6tigen Werkzeuge, um den \u00dcberblick zu behalten. Interessiert? Gerne pr\u00e4sentieren wir Ihnen unsere Systeml\u00f6sungen in einer unverbindlichen Online-Demonstration auf Ihrem Bildschirm. Vereinbaren Sie einfach einen Termin unter 04131-22 33 77 1 und lassen Sie uns ins Gespr\u00e4ch kommen.<\/p>\n<p style=\"text-align: left;\">\u00a0<\/p>    <\/div>\n<\/div>\n<!-- \/module text -->        <\/div>\n                        <\/div>\n        <\/div>\n                        <div  data-lazy=\"1\" class=\"module_row themify_builder_row tb_r4cx920 tf_w\">\n                        <div class=\"row_inner col_align_top tb_col_count_1 tf_box tf_rel\">\n                        <div  data-lazy=\"1\" class=\"module_column tb-column col-full tb_tzpb921 first\">\n                    <!-- module text -->\n<div  class=\"module module-text tb_acu4575  repeat \" data-lazy=\"1\">\n        <div  class=\"tb_text_wrap\">\n        <p><span style=\"color: #ffffff;\">Ziele erreicht man nur,<\/span><span style=\"color: #ff9900;\"> wenn man Sie t\u00e4glich vor Augen hat!<\/span><\/p>    <\/div>\n<\/div>\n<!-- \/module text -->        <\/div>\n                        <\/div>\n        <\/div>\n                        <div  data-lazy=\"1\" class=\"module_row themify_builder_row tb_jt5u253 tf_w\">\n                        <div class=\"row_inner col_align_top tb_col_count_1 tf_box tf_rel\">\n                        <div  data-lazy=\"1\" class=\"module_column tb-column col-full tb_787p254 first\">\n                            <\/div>\n                        <\/div>\n        <\/div>\n                        <div  data-lazy=\"1\" class=\"module_row themify_builder_row tb_ix30470 tf_w\">\n                        <div class=\"row_inner col_align_top tb_col_count_1 tf_box tf_rel\">\n                        <div  data-lazy=\"1\" class=\"module_column tb-column col-full tb_478k470 first\">\n                    <!-- module text -->\n<div  class=\"module module-text tb_68pg433   \" data-lazy=\"1\">\n    <h3 class=\"module-title\">Referenzen<\/h3>    <div  class=\"tb_text_wrap\">\n        <div class=\"responsive-map\"><iframe loading=\"lazy\" src=\"https:\/\/www.google.com\/maps\/d\/embed?mid=1RWCMuHCpL_sCTOIzvSGwUTlEcCY\" width=\"640\" height=\"480\"><\/iframe><\/div>    <\/div>\n<\/div>\n<!-- \/module text -->        <\/div>\n                        <\/div>\n        <\/div>\n                        <div  data-lazy=\"1\" class=\"module_row themify_builder_row tb_3bqk887 tf_w\">\n                        <div class=\"row_inner col_align_top tb_col_count_1 tf_box tf_rel\">\n                        <div  data-lazy=\"1\" class=\"module_column tb-column col-full tb_f55v889 first\">\n                            <\/div>\n                        <\/div>\n        <\/div>\n                        <div  data-lazy=\"1\" class=\"module_row themify_builder_row tb_yjof402 tf_w\">\n                        <div class=\"row_inner col_align_top tb_col_count_2 tf_box tf_rel\">\n                        <div  data-lazy=\"1\" class=\"module_column tb-column tb_x9np404 first\">\n                    <!-- module image -->\n<div  class=\"module module-image tb_xun2727 image-left   tf_mw\" data-lazy=\"1\">\n        <div class=\"image-wrap tf_rel tf_mw\">\n            <img loading=\"lazy\" decoding=\"async\" width=\"106\" height=\"106\" src=\"https:\/\/aldexsoftware.de\/aldexsoftware\/wp-content\/uploads\/2021\/04\/geld_zurueck2.png\" class=\"wp-post-image wp-image-356\" title=\"geld_zurueck2\" alt=\"geld_zurueck2\">    \n        <\/div>\n    <!-- \/image-wrap -->\n    \n        <\/div>\n<!-- \/module image --><!-- module text -->\n<div  class=\"module module-text tb_pzoq379   \" data-lazy=\"1\">\n    <h3 class=\"module-title\">GELD ZUR\u00dcCK GARANTIE<\/h3>    <div  class=\"tb_text_wrap\">\n        <p align=\"center\">Wir sind so sehr von unserer Software \u00fcberzeugt, <br>dass wir Ihnen eine &#8221; <strong>3 Monate GELD ZUR\u00dcCK GARANTIE<\/strong> &#8221; anbieten!<br><br>Stellen Sie uns auf die Probe und \u00fcberzeugen Sie sich selbst.<br>Sie bekommen von uns den kompletten Umfang der Software und testen diese f\u00fcr 3 Monate. Sollte wider Erwarten Ihnen die Software nicht gefallen, oder Sie der Meinung sind, keine Umsatzsteigerung erzielt zu haben, so geben wir Ihnen die gezahlte Summe* wieder zur\u00fcck!<\/p>\n<p align=\"center\">* Sollten wir ein Provisionssystem speziell f\u00fcr Sie erstellt haben, so berechnen wir hierf\u00fcr einen Nettobetrag von 300,- Euro. Nicht enthalten in der Garantie: bereits installierte Schnittstellen zu anderen Systemen, sowie bereits erfolgte Schulung vor Ort.\u00a0<\/p>\n<p><strong>Voraussetzungen f\u00fcr die Inanspruchnahme der Garantie<\/strong><\/p>\n<ol>\n<li>Die &#8220;Geld-zur\u00fcck-Garantie&#8221; kann nur in Anspruch genommen werden, wenn der Kunde die Software tats\u00e4chlich genutzt hat und diese Nutzung nachweisen kann.<\/li>\n<li>Als Nutzung gilt die tats\u00e4chliche Inanspruchnahme der Softwarefunktionen, wie zum Beispiel die Erstellung von Projekten, Nutzung von Analysen oder andere dokumentierte Aktivit\u00e4ten, die den Einsatz der Software zeigen.<\/li>\n<\/ol>\n<p align=\"center\">\u00a0<\/p>    <\/div>\n<\/div>\n<!-- \/module text -->        <\/div>\n                    <div  data-lazy=\"1\" class=\"module_column tb-column tb_9mot404 last\">\n                    <!-- module image -->\n<div  class=\"module module-image tb_a2n4532 image-top   tf_mw\" data-lazy=\"1\" data-lax-translate-y=\"(vh*1) 0,(vh*0) -250\" data-lax=\"true\">\n        <div class=\"image-wrap tf_rel tf_mw\">\n            <a href=\"https:\/\/aldexsoftware.de\/aldexsoftware\/wordpress\/kontakt\/\">\n                   <img loading=\"lazy\" decoding=\"async\" width=\"180\" height=\"152\" src=\"https:\/\/aldexsoftware.de\/aldexsoftware\/wp-content\/uploads\/2021\/04\/code_anf.png\" class=\"wp-post-image wp-image-346\" title=\"code_anf\" alt=\"code_anf\">        <\/a>\n    \n        <\/div>\n    <!-- \/image-wrap -->\n    \n        <\/div>\n<!-- \/module image -->        <\/div>\n                        <\/div>\n        <\/div>\n        <\/div>\n<!--\/themify_builder_content-->\n\n\n<p><\/p>","protected":false},"excerpt":{"rendered":"","protected":false},"author":1,"featured_media":65,"parent":0,"menu_order":0,"comment_status":"closed","ping_status":"closed","template":"","meta":{"om_disable_all_campaigns":false,"_monsterinsights_skip_tracking":false,"_monsterinsights_sitenote_active":false,"_monsterinsights_sitenote_note":"","_monsterinsights_sitenote_category":0,"footnotes":""},"class_list":["post-7","page","type-page","status-publish","has-post-thumbnail","hentry"],"builder_content":"<img src=\"https:\/\/aldexsoftware.de\/aldexsoftware\/wp-content\/uploads\/2021\/04\/syed-hussaini-iAcEnSs9jNU-unsplash-scaled-e1618568789435.jpg\" title=\"syed-hussaini-iAcEnSs9jNU-unsplash\" alt=\"syed-hussaini-iAcEnSs9jNU-unsplash\">\n\n<h5 style=\"text-align: center;\"><strong>Probefahrten-Manager<\/strong><\/h5> <ul> <li style=\"text-align: left;\">Probefahrten Software<\/li> <li style=\"text-align: left;\">Probefahrt Vertrag<\/li> <li style=\"text-align: left;\">Probefahrten planen<\/li> <\/ul>\n<a href=\"https:\/\/aldexsoftware.de\/aldexsoftware\/fahrten-planer\/\" > Mehr erfahren <\/a>\n<img src=\"https:\/\/aldexsoftware.de\/aldexsoftware\/wp-content\/uploads\/2021\/04\/handshake-1-scaled-e1618572675509.jpg\" title=\"handshake\" alt=\"handshake\" srcset=\"https:\/\/aldexsoftware.de\/aldexsoftware\/wp-content\/uploads\/2021\/04\/handshake-1-scaled-e1618572675509.jpg 2560w, https:\/\/aldexsoftware.de\/aldexsoftware\/wp-content\/uploads\/2021\/04\/handshake-1-scaled-e1618572675509-300x126.jpg 300w, https:\/\/aldexsoftware.de\/aldexsoftware\/wp-content\/uploads\/2021\/04\/handshake-1-scaled-e1618572675509-1024x430.jpg 1024w, https:\/\/aldexsoftware.de\/aldexsoftware\/wp-content\/uploads\/2021\/04\/handshake-1-scaled-e1618572675509-768x323.jpg 768w, https:\/\/aldexsoftware.de\/aldexsoftware\/wp-content\/uploads\/2021\/04\/handshake-1-scaled-e1618572675509-1536x645.jpg 1536w, https:\/\/aldexsoftware.de\/aldexsoftware\/wp-content\/uploads\/2021\/04\/handshake-1-scaled-e1618572675509-2048x860.jpg 2048w\" sizes=\"(max-width: 2560px) 100vw, 2560px\" \/>\n\n<h5 style=\"text-align: center;\"><strong>Vertrags-Manager &amp; Provisionssystem<\/strong><\/h5> <p style=\"text-align: center;\">Kalkulation - Planen - Ziele setzen<\/p>\n<a href=\"https:\/\/aldexsoftware.de\/aldexsoftware\/vertragsmanager\" > Mehr erfahren <\/a>\n<img src=\"https:\/\/aldexsoftware.de\/aldexsoftware\/wp-content\/uploads\/2023\/03\/transP.png\" title=\"transP\" alt=\"transP\" srcset=\"https:\/\/aldexsoftware.de\/aldexsoftware\/wp-content\/uploads\/2023\/03\/transP.png 653w, https:\/\/aldexsoftware.de\/aldexsoftware\/wp-content\/uploads\/2023\/03\/transP-300x75.png 300w\" sizes=\"(max-width: 653px) 100vw, 653px\" \/>\n\n<h5 style=\"text-align: center;\"><strong>Transport-Planer<\/strong><\/h5> <p style=\"text-align: center;\">Innerbetriebl. Transporte <br>mit QR-Code<\/p>\n<a href=\"https:\/\/aldexsoftware.de\/aldexsoftware\/transport-manager\/\" > Mehr erfahren <\/a>\n<img src=\"https:\/\/aldexsoftware.de\/aldexsoftware\/wp-content\/uploads\/2021\/04\/keybord-scaled-e1618573654275.jpg\" title=\"keybord\" alt=\"keybord\" srcset=\"https:\/\/aldexsoftware.de\/aldexsoftware\/wp-content\/uploads\/2021\/04\/keybord-scaled-e1618573654275.jpg 2560w, https:\/\/aldexsoftware.de\/aldexsoftware\/wp-content\/uploads\/2021\/04\/keybord-scaled-e1618573654275-300x126.jpg 300w, https:\/\/aldexsoftware.de\/aldexsoftware\/wp-content\/uploads\/2021\/04\/keybord-scaled-e1618573654275-1024x430.jpg 1024w, https:\/\/aldexsoftware.de\/aldexsoftware\/wp-content\/uploads\/2021\/04\/keybord-scaled-e1618573654275-768x323.jpg 768w, https:\/\/aldexsoftware.de\/aldexsoftware\/wp-content\/uploads\/2021\/04\/keybord-scaled-e1618573654275-1536x645.jpg 1536w, https:\/\/aldexsoftware.de\/aldexsoftware\/wp-content\/uploads\/2021\/04\/keybord-scaled-e1618573654275-2048x860.jpg 2048w\" sizes=\"(max-width: 2560px) 100vw, 2560px\" \/>\n\n<h5 style=\"text-align: center;\"><a href=\"https:\/\/aldexsoftware.de\/aldexsoftware\/wordpress\/weitere-software\/\"><strong>weitere Software<\/strong><\/a><\/h5> <ul> <li style=\"text-align: left;\"><a href=\"https:\/\/aldexsoftware.de\/aldexsoftware\/produkte\/\">Sonderprogrammierung<\/a><\/li> <li><a href=\"https:\/\/aldexsoftware.de\/aldexsoftware\/urlaubs-manager\/\">Urlaubs-Planer Mitarbeiter<\/a><\/li> <li style=\"text-align: left;\"><a href=\"https:\/\/aldexsoftware.de\/aldexsoftware\/produkte\/\">Tank-Manager<\/a><\/li> <li style=\"text-align: left;\"><a href=\"https:\/\/aldexsoftware.de\/aldexsoftware\/produkte\/\">R\u00e4der-Manager<\/a><\/li> <li><a href=\"https:\/\/aldexsoftware.de\/aldexsoftware\/batterie-manager\/\">Batterie-Manager<\/a><\/li> <li><a href=\"https:\/\/aldexsoftware.de\/aldexsoftware\/produkte\/\">KFZ-Briefe Manager<\/a><\/li> <li style=\"text-align: left;\"><a href=\"https:\/\/aldexsoftware.de\/aldexsoftware\/produkte\/\">Refinanzierungs-Manager<\/a><\/li> <\/ul>\n<h3>MIT DEM ZIEL VOR AUGEN ZUM ERFOLG<\/h3> <p>Unser Kundenkreis umfasst zahlreiche renommierte Autoh\u00e4ndler verschiedenster Marken im gesamten Bundesgebiet und auch in Ihrer Region, sowohl kleine Betriebe als auch H\u00e4ndler mit \u00fcber 10 Standorten,\u00a0 die seit vielen Jahren erfolgreich mit unseren ma\u00dfgeschneiderten Softwarel\u00f6sungen arbeiten. Alle unsere Programme sind direkt aus den allt\u00e4glichen Prozessen eines Autohauses entstanden.<\/p> <p>Damit Sie im stressigen Tagesgesch\u00e4ft den Fokus nicht verlieren, bieten unsere Softwaremodule die n\u00f6tigen Werkzeuge, um den \u00dcberblick zu behalten. Interessiert? Gerne pr\u00e4sentieren wir Ihnen unsere Systeml\u00f6sungen in einer unverbindlichen Online-Demonstration auf Ihrem Bildschirm. Vereinbaren Sie einfach einen Termin unter 04131-22 33 77 1 und lassen Sie uns ins Gespr\u00e4ch kommen.<\/p> <p style=\"text-align: left;\">\u00a0<\/p>\n<p>Ziele erreicht man nur, wenn man Sie t\u00e4glich vor Augen hat!<\/p>\n<h3>Referenzen<\/h3> <iframe loading=\"lazy\" src=\"https:\/\/www.google.com\/maps\/d\/embed?mid=1RWCMuHCpL_sCTOIzvSGwUTlEcCY\" width=\"640\" height=\"480\"><\/iframe>\n<img src=\"https:\/\/aldexsoftware.de\/aldexsoftware\/wp-content\/uploads\/2021\/04\/geld_zurueck2.png\" title=\"geld_zurueck2\" alt=\"geld_zurueck2\">\n<h3>GELD ZUR\u00dcCK GARANTIE<\/h3> <p align=\"center\">Wir sind so sehr von unserer Software \u00fcberzeugt, <br>dass wir Ihnen eine \" <strong>3 Monate GELD ZUR\u00dcCK GARANTIE<\/strong> \" anbieten!<br><br>Stellen Sie uns auf die Probe und \u00fcberzeugen Sie sich selbst.<br>Sie bekommen von uns den kompletten Umfang der Software und testen diese f\u00fcr 3 Monate. Sollte wider Erwarten Ihnen die Software nicht gefallen, oder Sie der Meinung sind, keine Umsatzsteigerung erzielt zu haben, so geben wir Ihnen die gezahlte Summe* wieder zur\u00fcck!<\/p> <p align=\"center\">* Sollten wir ein Provisionssystem speziell f\u00fcr Sie erstellt haben, so berechnen wir hierf\u00fcr einen Nettobetrag von 300,- Euro. Nicht enthalten in der Garantie: bereits installierte Schnittstellen zu anderen Systemen, sowie bereits erfolgte Schulung vor Ort.\u00a0<\/p> <p><strong>Voraussetzungen f\u00fcr die Inanspruchnahme der Garantie<\/strong><\/p> <ol> <li>Die \"Geld-zur\u00fcck-Garantie\" kann nur in Anspruch genommen werden, wenn der Kunde die Software tats\u00e4chlich genutzt hat und diese Nutzung nachweisen kann.<\/li> <li>Als Nutzung gilt die tats\u00e4chliche Inanspruchnahme der Softwarefunktionen, wie zum Beispiel die Erstellung von Projekten, Nutzung von Analysen oder andere dokumentierte Aktivit\u00e4ten, die den Einsatz der Software zeigen.<\/li> <\/ol> <p align=\"center\">\u00a0<\/p>\n<a href=\"https:\/\/aldexsoftware.de\/aldexsoftware\/wordpress\/kontakt\/\"> <img src=\"https:\/\/aldexsoftware.de\/aldexsoftware\/wp-content\/uploads\/2021\/04\/code_anf.png\" title=\"code_anf\" alt=\"code_anf\"> <\/a>","_links":{"self":[{"href":"https:\/\/aldexsoftware.de\/aldexsoftware\/wp-json\/wp\/v2\/pages\/7","targetHints":{"allow":["GET"]}}],"collection":[{"href":"https:\/\/aldexsoftware.de\/aldexsoftware\/wp-json\/wp\/v2\/pages"}],"about":[{"href":"https:\/\/aldexsoftware.de\/aldexsoftware\/wp-json\/wp\/v2\/types\/page"}],"author":[{"embeddable":true,"href":"https:\/\/aldexsoftware.de\/aldexsoftware\/wp-json\/wp\/v2\/users\/1"}],"replies":[{"embeddable":true,"href":"https:\/\/aldexsoftware.de\/aldexsoftware\/wp-json\/wp\/v2\/comments?post=7"}],"version-history":[{"count":213,"href":"https:\/\/aldexsoftware.de\/aldexsoftware\/wp-json\/wp\/v2\/pages\/7\/revisions"}],"predecessor-version":[{"id":970,"href":"https:\/\/aldexsoftware.de\/aldexsoftware\/wp-json\/wp\/v2\/pages\/7\/revisions\/970"}],"wp:featuredmedia":[{"embeddable":true,"href":"https:\/\/aldexsoftware.de\/aldexsoftware\/wp-json\/wp\/v2\/media\/65"}],"wp:attachment":[{"href":"https:\/\/aldexsoftware.de\/aldexsoftware\/wp-json\/wp\/v2\/media?parent=7"}],"curies":[{"name":"wp","href":"https:\/\/api.w.org\/{rel}","templated":true}]}}