{"id":707,"date":"2022-04-21T07:09:56","date_gmt":"2022-04-21T07:09:56","guid":{"rendered":"https:\/\/aldexsoftware.de\/aldexsoftware\/?page_id=707"},"modified":"2022-04-21T08:18:51","modified_gmt":"2022-04-21T08:18:51","slug":"707-2","status":"publish","type":"page","link":"https:\/\/aldexsoftware.de\/aldexsoftware\/707-2\/","title":{"rendered":"Service"},"content":{"rendered":"<!--themify_builder_content-->\n<div id=\"themify_builder_content-707\" data-postid=\"707\" class=\"themify_builder_content themify_builder_content-707 themify_builder tf_clear\">\n                    <div  data-lazy=\"1\" class=\"module_row themify_builder_row tb_swvi308 tb_first tf_w\">\n                        <div class=\"row_inner col_align_top tb_col_count_1 tf_box tf_rel\">\n                        <div  data-lazy=\"1\" class=\"module_column tb-column col-full tb_67gc310 first\">\n                    <!-- module tab -->\n<div  id=\"tb_fca7492\" class=\"module ui module-tab tb_fca7492 tab-frame rounded embossed gray \" data-lazy=\"1\">\n        <div class=\"tab-nav-current-active tf_hide\">\n\t\t<span class=\"tab_burger_icon_wrap\">\n\t        <span class=\"tab_burger_icon tf_rel\"><\/span>\n\t\t<\/span>\n        <span class=\"tb_activetab_title\">\n            <span class=\"tb_tab_title\">Kunden werben Kunden<\/span>\n                    <\/span>\n    <\/div>\n    <ul class=\"tab-nav tf_clearfix tf_scrollbar\">\n                <li class=\"current\" aria-expanded=\"true\">\n            <a href=\"#tab-tb_fca7492-0\">\n                                <span class=\"tb_tab_title\">Kunden werben Kunden<\/span>                                            <\/a>\n        <\/li>\n                <li aria-expanded=\"false\">\n            <a href=\"#tab-tb_fca7492-1\">\n                                <span class=\"tb_tab_title\">Kreative Mitarbeit<\/span>                                            <\/a>\n        <\/li>\n                <li aria-expanded=\"false\">\n            <a href=\"#tab-tb_fca7492-2\">\n                                <span class=\"tb_tab_title\">Formular-Center<\/span>                                            <\/a>\n        <\/li>\n                <li aria-expanded=\"false\">\n            <a href=\"#tab-tb_fca7492-3\">\n                                <span class=\"tb_tab_title\">Neuentwicklungen<\/span>                                            <\/a>\n        <\/li>\n            <\/ul>\n            <div data-id=\"tab-tb_fca7492-0\" class=\"tab-content tf_clear\" aria-hidden=\"false\">\n                            <div class=\"tb_text_wrap\">\n                    <h1><span style=\"color: #c0c0c0;\">Kunden werben Kunden<\/span><\/h1>\n<p><strong style=\"color: #000000;\"><img loading=\"lazy\" decoding=\"async\" class=\"size-full wp-image-726 alignright\" src=\"https:\/\/aldexsoftware.de\/aldexsoftware\/wp-content\/uploads\/2022\/04\/kd_werben_kd2.png\" alt=\"\" width=\"150\" height=\"150\">Tun Sie Ihren befreundeten Autoh\u00e4usern\u00a0und sich selbst etwas Gutes!<br><\/strong><span style=\"color: #808080;\">Empfehlen Sie Ihren Gesch\u00e4ftskollegen den &#8220;Vertrags- und Provisions-Manager&#8221; und seinen leistungsstarken Plug-In Programmen. <br><strong>F\u00fcr jede erfolgreiche Werbung bekommen Sie\u00a0<\/strong><strong>von uns 3 Monate kostenlosen Zugang zu Ihrem &#8220;Vertrags-Manager&#8221;<\/strong> .<\/span><\/p>\n<p><span style=\"color: #000000;\">\u00a0<\/span><span style=\"font-family: var(--bs-font-sans-serif); font-style: inherit; text-transform: inherit;\"><span style=\"color: #000000; font-weight: bold;\">Teilnahmebedingungen<\/span><span style=\"color: #000000; font-weight: bold;\"><br><\/span><\/span><\/p>\n<ul>\n<li><span style=\"color: #808080; font-family: var(--bs-font-sans-serif); font-style: inherit; text-transform: inherit;\">Eigenwerbung sind ausgeschlossen.<\/span><\/li>\n<li><span style=\"color: #808080; background-color: initial; font-family: var(--bs-font-sans-serif); font-style: inherit; text-transform: inherit;\">Die Pr\u00e4mie ist nur mit einem laufenden <\/span><span style=\"color: #808080; background-color: initial; font-family: var(--bs-font-sans-serif); font-style: inherit; text-transform: inherit;\">Vertrag <\/span><span style=\"color: #808080; background-color: initial; font-family: var(--bs-font-sans-serif); font-style: inherit; text-transform: inherit;\">des &#8220;Vertrags-Managers&#8221; verrechenbar.<br><\/span><\/li>\n<li><span style=\"background-color: initial; color: #808080; font-family: var(--bs-font-sans-serif); font-style: inherit; text-transform: inherit;\">Der Wert der Pr\u00e4mie ist auf maximal 3 Monate a 130,- Euro begrenzt. Ist die aktuelle Monatsmiete h\u00f6her, so wird nur die Differenz berechnet.<\/span><\/li>\n<li><span style=\"color: #808080; background-color: initial; font-family: var(--bs-font-sans-serif); font-style: inherit; text-transform: inherit;\">Die Pr\u00e4mie wird nicht ausgezahlt<\/span><\/li>\n<li><span style=\"color: #808080; background-color: initial; font-family: var(--bs-font-sans-serif); font-style: inherit; text-transform: inherit;\">Es d\u00fcrfen alle Benutzer des &#8220;Vertrags-Managers&#8221;\u00a0teilnehmen.<\/span><\/li>\n<li><span style=\"color: #808080; font-family: var(--bs-font-sans-serif); font-style: inherit; text-transform: inherit;\">Pr\u00e4mienanspruch erst nach Jahreszahlung des geworbenen Betriebes.<\/span><\/li>\n<\/ul>                <\/div>\n                    <\/div>\n            <div data-id=\"tab-tb_fca7492-1\" class=\"tab-content tf_clear\" aria-hidden=\"true\">\n                            <div class=\"tb_text_wrap\">\n                    <h1><span style=\"color: #ee2312;\"><img loading=\"lazy\" decoding=\"async\" class=\"size-full wp-image-550 alignright\" src=\"https:\/\/aldexsoftware.de\/aldexsoftware\/wp-content\/uploads\/2021\/04\/idea.png\" alt=\"\" width=\"67\" height=\"200\"><\/span><span style=\"color: #c0c0c0;\">Kreative Mitarbeit gew\u00fcnscht&#8230;<\/span><\/h1>\n<div>\n<p style=\"padding-left: 30px;\"><span style=\"color: #000000;\">Das hei\u00dft f\u00fcr Sie als Kunde besteht die M\u00f6glichkeit<br><span style=\"text-decoration-line: underline;\"><strong>Ihre eigenen Ideen <\/strong><\/span>in unsere Software zu integrieren. <br>Die Firma ALDEX verarbeitet und programmiert jeden Monat neue Programmteile. <br>Diese stammen zum gro\u00dfen Teil aus der eigenen Ideeschmiede aber auch direkt von Mitarbeitern und Inhabern der Autoh\u00e4user.<\/span><\/p>\n<p style=\"padding-left: 30px;\"><span style=\"color: #000000;\">Und das ganze <span style=\"text-decoration-line: underline;\"><strong>kostenlos<\/strong><\/span>, denn die Idee gelangt sodann auch an alle unseren weiteren Kunden im Rahmen eines kostenlosen Updates.<\/span><\/p>\n<\/div>                <\/div>\n                    <\/div>\n            <div data-id=\"tab-tb_fca7492-2\" class=\"tab-content tf_clear\" aria-hidden=\"true\">\n                            <div class=\"tb_text_wrap\">\n                    <h1><span style=\"color: #c0c0c0;\">Formular-Center<\/span><\/h1>\n<p><span style=\"color: #000000;\"><img loading=\"lazy\" decoding=\"async\" class=\"size-medium wp-image-728 alignright\" src=\"https:\/\/aldexsoftware.de\/aldexsoftware\/wp-content\/uploads\/2022\/04\/formulare-300x266.png\" alt=\"\" width=\"300\" height=\"266\" srcset=\"https:\/\/aldexsoftware.de\/aldexsoftware\/wp-content\/uploads\/2022\/04\/formulare-300x266.png 300w, https:\/\/aldexsoftware.de\/aldexsoftware\/wp-content\/uploads\/2022\/04\/formulare.png 338w\" sizes=\"auto, (max-width: 300px) 100vw, 300px\" \/>Sie haben bestimmt Ihre <strong>Lieblingsformulare<\/strong>, die Sie schon seit Jahren in Ihrem Autohaus nutzen. Diese Formulare werden\u00a01:1 von uns \u00fcbernommen. Wir f\u00fcllen das Formular sogar mit den Daten aus, die Sie brauchen.<\/span><\/p>\n<p><span style=\"color: #000000;\">Desweiteren k\u00f6nnen Sie z.B. Formulare, wie <strong>Zulassungsantr\u00e4ge <\/strong>uvm. kostenlos zu ALDEX ins Programm hochladen.<\/span><\/p>                <\/div>\n                    <\/div>\n            <div data-id=\"tab-tb_fca7492-3\" class=\"tab-content tf_clear\" aria-hidden=\"true\">\n                            <div class=\"tb_text_wrap\">\n                    <h1><span style=\"color: #c0c0c0;\">Neuentwicklungen<\/span><\/h1>\n<p><span style=\"color: #000000;\"><img loading=\"lazy\" decoding=\"async\" class=\"alignright wp-image-553 size-thumbnail\" src=\"https:\/\/aldexsoftware.de\/aldexsoftware\/wp-content\/uploads\/2021\/04\/neuentw-150x150.png\" alt=\"\" width=\"150\" height=\"150\">Die Firma ALDEX ist im Bereich der Neuentwicklung sehr flexibel. Wir haben keinen grossen Wasserkopf zu tragen, den andere gro\u00dfe Softwareh\u00e4user leider haben. Entscheidungen \u00fcber Neuerungen werden schnell getroffen. Die Firma ALDEX legt sehr gro\u00dfen Wert darauf, dass Ideen schnell und unkompliziert in neueste Softwaretechnik verpackt werden, und dem Anwender &#8211; sprich dem Autohaus &#8211; zur Verf\u00fcgung gestellt werden.<\/span><\/p>                <\/div>\n                    <\/div>\n    <\/div>\n<!-- \/module tab -->\n        <\/div>\n                        <\/div>\n        <\/div>\n        <\/div>\n<!--\/themify_builder_content-->\n\n\n<p><\/p>","protected":false},"excerpt":{"rendered":"<p>Kunden werben Kunden Kunden werben Kunden Tun Sie Ihren befreundeten Autoh\u00e4usern\u00a0und sich selbst etwas Gutes!Empfehlen Sie Ihren Gesch\u00e4ftskollegen den &#8220;Vertrags- und Provisions-Manager&#8221; und seinen leistungsstarken Plug-In Programmen. F\u00fcr jede erfolgreiche Werbung bekommen Sie\u00a0von uns 3 Monate kostenlosen Zugang zu Ihrem &#8220;Vertrags-Manager&#8221; . \u00a0Teilnahmebedingungen Eigenwerbung sind ausgeschlossen. Die Pr\u00e4mie ist nur mit einem laufenden Vertrag des [&hellip;]<\/p>\n","protected":false},"author":1,"featured_media":0,"parent":0,"menu_order":0,"comment_status":"closed","ping_status":"closed","template":"","meta":{"om_disable_all_campaigns":false,"_monsterinsights_skip_tracking":false,"_monsterinsights_sitenote_active":false,"_monsterinsights_sitenote_note":"","_monsterinsights_sitenote_category":0,"footnotes":""},"class_list":["post-707","page","type-page","status-publish","hentry"],"builder_content":"<ul><li><h4>Kunden werben Kunden<\/h4><h1>Kunden werben Kunden<\/h1> <p><strong style=\"color: #000000;\"><img src=\"https:\/\/aldexsoftware.de\/aldexsoftware\/wp-content\/uploads\/2022\/04\/kd_werben_kd2.png\" alt=\"\" width=\"150\" height=\"150\">Tun Sie Ihren befreundeten Autoh\u00e4usern\u00a0und sich selbst etwas Gutes!<br><\/strong>Empfehlen Sie Ihren Gesch\u00e4ftskollegen den \"Vertrags- und Provisions-Manager\" und seinen leistungsstarken Plug-In Programmen. <br><strong>F\u00fcr jede erfolgreiche Werbung bekommen Sie\u00a0<\/strong><strong>von uns 3 Monate kostenlosen Zugang zu Ihrem \"Vertrags-Manager\"<\/strong> .<\/p> <p>\u00a0Teilnahmebedingungen<br><\/p> <ul> <li>Eigenwerbung sind ausgeschlossen.<\/li> <li>Die Pr\u00e4mie ist nur mit einem laufenden Vertrag des \"Vertrags-Managers\" verrechenbar.<br><\/li> <li>Der Wert der Pr\u00e4mie ist auf maximal 3 Monate a 130,- Euro begrenzt. Ist die aktuelle Monatsmiete h\u00f6her, so wird nur die Differenz berechnet.<\/li> <li>Die Pr\u00e4mie wird nicht ausgezahlt<\/li> <li>Es d\u00fcrfen alle Benutzer des \"Vertrags-Managers\"\u00a0teilnehmen.<\/li> <li>Pr\u00e4mienanspruch erst nach Jahreszahlung des geworbenen Betriebes.<\/li> <\/ul><\/li><li><h4>Kreative Mitarbeit<\/h4><h1><img src=\"https:\/\/aldexsoftware.de\/aldexsoftware\/wp-content\/uploads\/2021\/04\/idea.png\" alt=\"\" width=\"67\" height=\"200\">Kreative Mitarbeit gew\u00fcnscht...<\/h1>\n<p style=\"padding-left: 30px;\">Das hei\u00dft f\u00fcr Sie als Kunde besteht die M\u00f6glichkeit<br><strong>Ihre eigenen Ideen <\/strong>in unsere Software zu integrieren. <br>Die Firma ALDEX verarbeitet und programmiert jeden Monat neue Programmteile. <br>Diese stammen zum gro\u00dfen Teil aus der eigenen Ideeschmiede aber auch direkt von Mitarbeitern und Inhabern der Autoh\u00e4user.<\/p> <p style=\"padding-left: 30px;\">Und das ganze <strong>kostenlos<\/strong>, denn die Idee gelangt sodann auch an alle unseren weiteren Kunden im Rahmen eines kostenlosen Updates.<\/p> <\/li><li><h4>Formular-Center<\/h4><h1>Formular-Center<\/h1> <p><img src=\"https:\/\/aldexsoftware.de\/aldexsoftware\/wp-content\/uploads\/2022\/04\/formulare-300x266.png\" alt=\"\" width=\"300\" height=\"266\">Sie haben bestimmt Ihre <strong>Lieblingsformulare<\/strong>, die Sie schon seit Jahren in Ihrem Autohaus nutzen. Diese Formulare werden\u00a01:1 von uns \u00fcbernommen. Wir f\u00fcllen das Formular sogar mit den Daten aus, die Sie brauchen.<\/p> <p>Desweiteren k\u00f6nnen Sie z.B. Formulare, wie <strong>Zulassungsantr\u00e4ge <\/strong>uvm. kostenlos zu ALDEX ins Programm hochladen.<\/p><\/li><li><h4>Neuentwicklungen<\/h4><h1>Neuentwicklungen<\/h1> <p><img src=\"https:\/\/aldexsoftware.de\/aldexsoftware\/wp-content\/uploads\/2021\/04\/neuentw-150x150.png\" alt=\"\" width=\"150\" height=\"150\">Die Firma ALDEX ist im Bereich der Neuentwicklung sehr flexibel. Wir haben keinen grossen Wasserkopf zu tragen, den andere gro\u00dfe Softwareh\u00e4user leider haben. Entscheidungen \u00fcber Neuerungen werden schnell getroffen. Die Firma ALDEX legt sehr gro\u00dfen Wert darauf, dass Ideen schnell und unkompliziert in neueste Softwaretechnik verpackt werden, und dem Anwender - sprich dem Autohaus - zur Verf\u00fcgung gestellt werden.<\/p><\/li><\/ul>","_links":{"self":[{"href":"https:\/\/aldexsoftware.de\/aldexsoftware\/wp-json\/wp\/v2\/pages\/707","targetHints":{"allow":["GET"]}}],"collection":[{"href":"https:\/\/aldexsoftware.de\/aldexsoftware\/wp-json\/wp\/v2\/pages"}],"about":[{"href":"https:\/\/aldexsoftware.de\/aldexsoftware\/wp-json\/wp\/v2\/types\/page"}],"author":[{"embeddable":true,"href":"https:\/\/aldexsoftware.de\/aldexsoftware\/wp-json\/wp\/v2\/users\/1"}],"replies":[{"embeddable":true,"href":"https:\/\/aldexsoftware.de\/aldexsoftware\/wp-json\/wp\/v2\/comments?post=707"}],"version-history":[{"count":25,"href":"https:\/\/aldexsoftware.de\/aldexsoftware\/wp-json\/wp\/v2\/pages\/707\/revisions"}],"predecessor-version":[{"id":737,"href":"https:\/\/aldexsoftware.de\/aldexsoftware\/wp-json\/wp\/v2\/pages\/707\/revisions\/737"}],"wp:attachment":[{"href":"https:\/\/aldexsoftware.de\/aldexsoftware\/wp-json\/wp\/v2\/media?parent=707"}],"curies":[{"name":"wp","href":"https:\/\/api.w.org\/{rel}","templated":true}]}}