{"id":739,"date":"2022-04-21T12:46:24","date_gmt":"2022-04-21T12:46:24","guid":{"rendered":"https:\/\/aldexsoftware.de\/aldexsoftware\/?page_id=739"},"modified":"2022-04-22T08:47:35","modified_gmt":"2022-04-22T08:47:35","slug":"preise","status":"publish","type":"page","link":"https:\/\/aldexsoftware.de\/aldexsoftware\/preise\/","title":{"rendered":"Preise"},"content":{"rendered":"<!--themify_builder_content-->\n<div id=\"themify_builder_content-739\" data-postid=\"739\" class=\"themify_builder_content themify_builder_content-739 themify_builder tf_clear\">\n                    <div  data-lazy=\"1\" class=\"module_row themify_builder_row tb_k0cc283 tb_first tf_w\">\n                        <div class=\"row_inner col_align_top tb_col_count_1 tf_box tf_rel\">\n                        <div  data-lazy=\"1\" class=\"module_column tb-column col-full tb_2ly7283 first\">\n                            <div  data-lazy=\"1\" class=\"module_subrow themify_builder_sub_row tf_w col_align_top tb_col_count_1 tb_svwn138\">\n                <div  data-lazy=\"1\" class=\"module_column sub_column col-full tb_ry4w139 first\">\n                    <!-- module tab -->\n<div  id=\"tb_mx4n985\" class=\"module ui module-tab tb_mx4n985 tab-frame rounded embossed blue \" data-lazy=\"1\">\n        <div class=\"tab-nav-current-active tf_hide\">\n\t\t<span class=\"tab_burger_icon_wrap\">\n\t        <span class=\"tab_burger_icon tf_rel\"><\/span>\n\t\t<\/span>\n        <span class=\"tb_activetab_title\">\n            <span class=\"tb_tab_title\">Technik<\/span>\n                    <\/span>\n    <\/div>\n    <ul class=\"tab-nav tf_clearfix tf_scrollbar\">\n                <li class=\"current\" aria-expanded=\"true\">\n            <a href=\"#tab-tb_mx4n985-0\">\n                                <span class=\"tb_tab_title\">Technik<\/span>                                            <\/a>\n        <\/li>\n                <li aria-expanded=\"false\">\n            <a href=\"#tab-tb_mx4n985-1\">\n                                <span class=\"tb_tab_title\">Preise<\/span>                                            <\/a>\n        <\/li>\n                <li aria-expanded=\"false\">\n            <a href=\"#tab-tb_mx4n985-2\">\n                                <span class=\"tb_tab_title\">Geld Zur\u00fcck!<\/span>                                            <\/a>\n        <\/li>\n            <\/ul>\n            <div data-id=\"tab-tb_mx4n985-0\" class=\"tab-content tf_clear\" aria-hidden=\"false\">\n                            <div class=\"tb_text_wrap\">\n                    <h3>Technik<\/h3>\n<p>Der <strong>&#8220;Vertrags-Manager&#8221;<\/strong> ist ein\u00a0 modulares Internetsystem, welches auf einem modernen Baukastensystem basiert.<\/p>\n<p>Das hei\u00dft f\u00fcr Sie:<\/p>\n<p>&#8211; Weltweiter Zugriff auf Ihre Daten von jedem Rechner mit Internetzugang oder auch Tablet<\/p>\n<p>&#8211; Keine Installation in Ihrem Computersystem dank Cloud-L\u00f6sung<\/p>\n<p>&#8211; Doppelte Datensicherung im gro\u00dfen Rechenzentrum<\/p>\n<p>&#8211; uvm.<\/p>                <\/div>\n                    <\/div>\n            <div data-id=\"tab-tb_mx4n985-1\" class=\"tab-content tf_clear\" aria-hidden=\"true\">\n                            <div class=\"tb_text_wrap\">\n                    <h3>Preise<\/h3>\n<p><span style=\"background-color: initial; color: inherit; font-family: var(--bs-font-sans-serif); font-style: inherit; text-transform: inherit;\">Mit der Basisversion des &#8220;Vertrags- Manager&#8221; k\u00f6nnen Sie <\/span><strong style=\"background-color: initial; color: inherit; font-family: var(--bs-font-sans-serif); font-style: inherit; text-transform: inherit;\">1 Standort mit einem Fabrikat <\/strong><span style=\"background-color: initial; color: inherit; font-family: var(--bs-font-sans-serif); font-style: inherit; text-transform: inherit;\">verwalten.<\/span><\/p>\n<p style=\"padding-left: 30px;\">Sie\u00a0beinhaltet:<\/p>\n<p>\u00a0 \u00a0 \u00a0 \u00a0 \u00a0 \u00a0 \u00a0 &#8211;\u00a0 Programmierung des Provisionssystem auf Ihre Bed\u00fcrfnisse (Startpreis : 260,- Euro)<\/p>\n<p style=\"padding-left: 60px;\">&#8211;\u00a0 kostenlose Hotline<\/p>\n<p style=\"padding-left: 60px;\">&#8211;\u00a0 kostenlose Updates des Programmes<\/p>\n<p style=\"padding-left: 60px;\">&#8211;\u00a0 Kfz.-Briefe Verwaltung<\/p>\n<p style=\"padding-left: 60px;\">&#8211;\u00a0 Provisionssystem<\/p>\n<p style=\"padding-left: 60px;\">&#8211;\u00a0 Werk Verkaufshilfen-Manager<\/p>\n<p style=\"padding-left: 30px;\">und kostet\u00a0150,-\u00a0 Euro zzgl. MwSt. im Monat bei einem Standort\/Fabrikat.<br>und kostet\u00a0 50,-\u00a0 Euro zzgl. MwSt. im Monat f\u00fcr jeden weiteren Standort oder Fabrikat.<\/p>\n<p style=\"padding-left: 30px;\">Weitere Standorte \/ Fabrikate \/ Benutzerlizenzen k\u00f6nnen durch ein einfaches Baukastensystem erweitert werden.<\/p>\n<p style=\"padding-left: 30px;\">Die Anschaffung des ALDEX Systems\u00a0sollten Sie als eine Investition ansehen, denn wir garantieren Ihnen, dass Sie durch unser Programm einen h\u00f6heren\u00a0Umsatz erzielen k\u00f6nnen. Sollte dies mit unserer Software nicht gelingen, so stehen wir mit unser &#8220;GELD ZUR\u00dcCK GARANTIE&#8221; daf\u00fcr gerade.<\/p>\n<p style=\"padding-left: 30px;\">Gerne nennen wir Ihnen H\u00e4ndler, die bereits erfolgreich mit unserer Software arbeiten.<\/p>                <\/div>\n                    <\/div>\n            <div data-id=\"tab-tb_mx4n985-2\" class=\"tab-content tf_clear\" aria-hidden=\"true\">\n                            <div class=\"tb_text_wrap\">\n                    <h3>GELD ZUR\u00dcCK GARANTIE<\/h3>\n<div class=\"tb_text_wrap\">\n<p style=\"text-align: left;\" align=\"center\"><img loading=\"lazy\" decoding=\"async\" class=\"size-full wp-image-356 alignright\" src=\"https:\/\/aldexsoftware.de\/aldexsoftware\/wp-content\/uploads\/2021\/04\/geld_zurueck2.png\" alt=\"\" width=\"106\" height=\"106\">Wir sind so sehr von unserer Software \u00fcberzeugt,<br>dass wir Ihnen eine \u201d <strong>3 Monate GELD ZUR\u00dcCK GARANTIE<\/strong> \u201d anbieten!<\/p>\n<p>Stellen Sie uns auf die Probe und \u00fcberzeugen Sie sich selbst.<br>Sie bekommen von uns den kompletten Umfang der Software und testen diese f\u00fcr 3 Monate. Sollte wider Erwarten Ihnen die Software nicht gefallen, oder Sie der Meinung sind, keine Umsatzsteigerung erzielt zu haben, so geben wir Ihnen die gezahlte Summe* wieder zur\u00fcck!<\/p>\n<p style=\"text-align: left;\" align=\"center\">* Sollten wir ein Provisionssystem speziell f\u00fcr Sie erstellt haben, so berechnen wir hierf\u00fcr einen Nettobetrag von 300,- Euro. Nicht enthalten in der Garantie: bereits installierte Schnittstellen zu anderen Systemen, sowie bereits erfolgte Schulung vor Ort. Eine normale Datennutzung muss nachgewiesen werden.<\/p>\n<\/div>                <\/div>\n                    <\/div>\n    <\/div>\n<!-- \/module tab -->\n        <\/div>\n                    <\/div>\n                <\/div>\n                        <\/div>\n        <\/div>\n        <\/div>\n<!--\/themify_builder_content-->\n\n\n<p><\/p>","protected":false},"excerpt":{"rendered":"<p>Technik Technik Der &#8220;Vertrags-Manager&#8221; ist ein\u00a0 modulares Internetsystem, welches auf einem modernen Baukastensystem basiert. Das hei\u00dft f\u00fcr Sie: &#8211; Weltweiter Zugriff auf Ihre Daten von jedem Rechner mit Internetzugang oder auch Tablet &#8211; Keine Installation in Ihrem Computersystem dank Cloud-L\u00f6sung &#8211; Doppelte Datensicherung im gro\u00dfen Rechenzentrum &#8211; uvm. Preise Preise Mit der Basisversion des &#8220;Vertrags- [&hellip;]<\/p>\n","protected":false},"author":1,"featured_media":0,"parent":0,"menu_order":0,"comment_status":"closed","ping_status":"closed","template":"","meta":{"om_disable_all_campaigns":false,"_monsterinsights_skip_tracking":false,"_monsterinsights_sitenote_active":false,"_monsterinsights_sitenote_note":"","_monsterinsights_sitenote_category":0,"footnotes":""},"class_list":["post-739","page","type-page","status-publish","hentry"],"builder_content":"<ul><li><h4>Technik<\/h4><h3>Technik<\/h3> <p>Der <strong>\"Vertrags-Manager\"<\/strong> ist ein\u00a0 modulares Internetsystem, welches auf einem modernen Baukastensystem basiert.<\/p> <p>Das hei\u00dft f\u00fcr Sie:<\/p> <p>- Weltweiter Zugriff auf Ihre Daten von jedem Rechner mit Internetzugang oder auch Tablet<\/p> <p>- Keine Installation in Ihrem Computersystem dank Cloud-L\u00f6sung<\/p> <p>- Doppelte Datensicherung im gro\u00dfen Rechenzentrum<\/p> <p>- uvm.<\/p><\/li><li><h4>Preise<\/h4><h3>Preise<\/h3> <p>Mit der Basisversion des \"Vertrags- Manager\" k\u00f6nnen Sie <strong style=\"background-color: initial; color: inherit; font-family: var(--bs-font-sans-serif); font-style: inherit; text-transform: inherit;\">1 Standort mit einem Fabrikat <\/strong>verwalten.<\/p> <p style=\"padding-left: 30px;\">Sie\u00a0beinhaltet:<\/p> <p>\u00a0 \u00a0 \u00a0 \u00a0 \u00a0 \u00a0 \u00a0 -\u00a0 Programmierung des Provisionssystem auf Ihre Bed\u00fcrfnisse (Startpreis : 260,- Euro)<\/p> <p style=\"padding-left: 60px;\">-\u00a0 kostenlose Hotline<\/p> <p style=\"padding-left: 60px;\">-\u00a0 kostenlose Updates des Programmes<\/p> <p style=\"padding-left: 60px;\">-\u00a0 Kfz.-Briefe Verwaltung<\/p> <p style=\"padding-left: 60px;\">-\u00a0 Provisionssystem<\/p> <p style=\"padding-left: 60px;\">-\u00a0 Werk Verkaufshilfen-Manager<\/p> <p style=\"padding-left: 30px;\">und kostet\u00a0150,-\u00a0 Euro zzgl. MwSt. im Monat bei einem Standort\/Fabrikat.<br>und kostet\u00a0 50,-\u00a0 Euro zzgl. MwSt. im Monat f\u00fcr jeden weiteren Standort oder Fabrikat.<\/p> <p style=\"padding-left: 30px;\">Weitere Standorte \/ Fabrikate \/ Benutzerlizenzen k\u00f6nnen durch ein einfaches Baukastensystem erweitert werden.<\/p> <p style=\"padding-left: 30px;\">Die Anschaffung des ALDEX Systems\u00a0sollten Sie als eine Investition ansehen, denn wir garantieren Ihnen, dass Sie durch unser Programm einen h\u00f6heren\u00a0Umsatz erzielen k\u00f6nnen. Sollte dies mit unserer Software nicht gelingen, so stehen wir mit unser \"GELD ZUR\u00dcCK GARANTIE\" daf\u00fcr gerade.<\/p> <p style=\"padding-left: 30px;\">Gerne nennen wir Ihnen H\u00e4ndler, die bereits erfolgreich mit unserer Software arbeiten.<\/p><\/li><li><h4>Geld Zur\u00fcck!<\/h4><h3>GELD ZUR\u00dcCK GARANTIE<\/h3>\n<p style=\"text-align: left;\" align=\"center\"><img src=\"https:\/\/aldexsoftware.de\/aldexsoftware\/wp-content\/uploads\/2021\/04\/geld_zurueck2.png\" alt=\"\" width=\"106\" height=\"106\">Wir sind so sehr von unserer Software \u00fcberzeugt,<br>dass wir Ihnen eine \u201d <strong>3 Monate GELD ZUR\u00dcCK GARANTIE<\/strong> \u201d anbieten!<\/p> <p>Stellen Sie uns auf die Probe und \u00fcberzeugen Sie sich selbst.<br>Sie bekommen von uns den kompletten Umfang der Software und testen diese f\u00fcr 3 Monate. Sollte wider Erwarten Ihnen die Software nicht gefallen, oder Sie der Meinung sind, keine Umsatzsteigerung erzielt zu haben, so geben wir Ihnen die gezahlte Summe* wieder zur\u00fcck!<\/p> <p style=\"text-align: left;\" align=\"center\">* Sollten wir ein Provisionssystem speziell f\u00fcr Sie erstellt haben, so berechnen wir hierf\u00fcr einen Nettobetrag von 300,- Euro. Nicht enthalten in der Garantie: bereits installierte Schnittstellen zu anderen Systemen, sowie bereits erfolgte Schulung vor Ort. Eine normale Datennutzung muss nachgewiesen werden.<\/p> <\/li><\/ul>","_links":{"self":[{"href":"https:\/\/aldexsoftware.de\/aldexsoftware\/wp-json\/wp\/v2\/pages\/739","targetHints":{"allow":["GET"]}}],"collection":[{"href":"https:\/\/aldexsoftware.de\/aldexsoftware\/wp-json\/wp\/v2\/pages"}],"about":[{"href":"https:\/\/aldexsoftware.de\/aldexsoftware\/wp-json\/wp\/v2\/types\/page"}],"author":[{"embeddable":true,"href":"https:\/\/aldexsoftware.de\/aldexsoftware\/wp-json\/wp\/v2\/users\/1"}],"replies":[{"embeddable":true,"href":"https:\/\/aldexsoftware.de\/aldexsoftware\/wp-json\/wp\/v2\/comments?post=739"}],"version-history":[{"count":10,"href":"https:\/\/aldexsoftware.de\/aldexsoftware\/wp-json\/wp\/v2\/pages\/739\/revisions"}],"predecessor-version":[{"id":796,"href":"https:\/\/aldexsoftware.de\/aldexsoftware\/wp-json\/wp\/v2\/pages\/739\/revisions\/796"}],"wp:attachment":[{"href":"https:\/\/aldexsoftware.de\/aldexsoftware\/wp-json\/wp\/v2\/media?parent=739"}],"curies":[{"name":"wp","href":"https:\/\/api.w.org\/{rel}","templated":true}]}}